{"id":1128,"date":"2024-03-09T12:16:04","date_gmt":"2024-03-09T11:16:04","guid":{"rendered":"https:\/\/varaderoportbara.com\/rechtlicher-hinweis\/"},"modified":"2024-06-08T12:11:39","modified_gmt":"2024-06-08T10:11:39","slug":"rechtlicher-hinweis","status":"publish","type":"page","link":"https:\/\/varaderoportbara.com\/de\/rechtlicher-hinweis\/","title":{"rendered":"Rechtlicher Hinweis"},"content":{"rendered":"\n<h2 class=\"wp-block-heading\">Rechtlicher Hinweis<\/h2>\n\n<p><strong>Identifizierung des Inhabers<\/strong><\/p>\n\n<ul class=\"wp-block-list\">\n<li><strong>Name des Unternehmens:<\/strong> Varadero Port Bara Sociedad Limitada<\/li>\n\n\n\n<li><strong>UMSATZSTEUER-IDENTIFIKATIONSNUMMER:<\/strong> B55608921<\/li>\n\n\n\n<li><strong>Adresse:<\/strong> Paseo Maritim (Zona Costera), S\/N, Roda De Bera, 43883, Tarragona<\/li>\n\n\n\n<li><strong>Kontakt:<\/strong> [email protected]<\/li>\n\n\n\n<li><strong>Telefon:<\/strong> 645 86 34 66<\/li>\n<\/ul>\n\n<p><strong>2. Gegenstand und Umfang<\/strong><\/p>\n\n<p>Dieser rechtliche Hinweis regelt den Zugang, das Surfen und die Nutzung der Website <a target=\"_blank\" rel=\"noreferrer noopener\" href=\"https:\/\/varaderoportbara.com\/de\/\">https:\/\/varaderoportbara.com\/<\/a> (im Folgenden die &#8222;Website&#8220;).<\/p>\n\n<p>Der Zugriff auf die Website und das Durchsuchen der Website setzt die uneingeschr\u00e4nkte Annahme dieses rechtlichen Hinweises voraus.<\/p>\n\n<p><strong>3. Geistiges und gewerbliches Eigentum<\/strong><\/p>\n\n<p>Der gesamte Inhalt der Website, einschlie\u00dflich, aber nicht beschr\u00e4nkt auf Texte, Bilder, Fotos, Logos, Marken und Designs, ist durch geistige und gewerbliche Eigentumsrechte gesch\u00fctzt.<\/p>\n\n<p>Der Nutzer erkennt an, dass das geistige und gewerbliche Eigentum an der Website und ihren Inhalten Varadero Port Bara oder Dritten geh\u00f6rt.<\/p>\n\n<p>Der Nutzer darf die Website oder ihre Inhalte nicht in einer Weise nutzen, die die geistigen und gewerblichen Eigentumsrechte von Varadero Port Bara oder Dritten verletzt.<\/p>\n\n<p><strong>4. Verantwortlichkeiten<\/strong><\/p>\n\n<p>Varadero Port Bara ist nicht verantwortlich f\u00fcr Sch\u00e4den, die durch den Zugriff auf die Website, das Browsen und die Nutzung der Website entstehen, einschlie\u00dflich, aber nicht beschr\u00e4nkt auf Sch\u00e4den, die durch die folgenden Gr\u00fcnde verursacht werden:<\/p>\n\n<ul class=\"wp-block-list\">\n<li>Das Vorhandensein von Viren oder Malware auf der Website.<\/li>\n\n\n\n<li>Missbr\u00e4uchliche Nutzung der Website durch den Benutzer.<\/li>\n\n\n\n<li>Fehler oder Auslassungen in den Inhalten der Website.<\/li>\n\n\n\n<li>Unterbrechung des Dienstes der Website.<\/li>\n<\/ul>\n\n<p>Varadero Port Bara haftet nicht f\u00fcr Sch\u00e4den, die sich aus der Nutzung der auf der Website enthaltenen Informationen ergeben k\u00f6nnten.<\/p>\n\n<p><strong>5. Links<\/strong><\/p>\n\n<p>Die Website kann Links zu anderen Websites enthalten. Varadero Port Bara ist nicht verantwortlich f\u00fcr die Inhalte, Produkte oder Dienstleistungen, die auf den verlinkten Websites angeboten werden.<\/p>\n\n<p><strong>6. Gesetzgebung und Rechtsprechung<\/strong><\/p>\n\n<p>Dieser Rechtshinweis unterliegt spanischem Recht.<\/p>\n\n<p>F\u00fcr die Beilegung von Streitigkeiten, die sich aus dem Zugriff auf die Website, dem Browsen und der Nutzung der Website ergeben k\u00f6nnten, unterwerfen sich die Parteien der Gerichtsbarkeit der Gerichte von Tarragona.<\/p>\n\n<p><strong>7. Cookie-Richtlinie<\/strong><\/p>\n\n<p>Diese Website verwendet Cookies, um die Benutzerfreundlichkeit zu verbessern. Weitere Informationen zu unserer Cookie-Richtlinie finden Sie unter dem folgenden Link: [enlace a la Pol\u00edtica de cookies].<\/p>\n\n<p><strong>8. \u00c4nderung des rechtlichen Hinweises<\/strong><\/p>\n\n<p>Varadero Port Bara beh\u00e4lt sich das Recht vor, diese rechtlichen Hinweise jederzeit zu \u00e4ndern. Die neue Datenschutzrichtlinie wird auf dieser Website ver\u00f6ffentlicht.<\/p>\n\n<p><strong>9. Akzeptanz des rechtlichen Hinweises<\/strong><\/p>\n\n<p>Die Nutzung dieser Website setzt die Zustimmung zu diesem rechtlichen Hinweis voraus.<\/p>\n\n<p><strong>10. Kontakt<\/strong><\/p>\n\n<p>Wenn Sie Fragen oder Zweifel bez\u00fcglich dieser rechtlichen Hinweise haben, k\u00f6nnen Sie sich an Varadero Port Bara unter der in Abschnitt 1 angegebenen Adresse wenden oder eine E-Mail an info@varaderoportbara.com senden.<\/p>\n","protected":false},"excerpt":{"rendered":"<p>Rechtlicher Hinweis Identifizierung des Inhabers 2. Gegenstand und Umfang Dieser rechtliche Hinweis regelt den Zugang, das Surfen und die Nutzung der Website https:\/\/varaderoportbara.com\/ (im Folgenden die &#8222;Website&#8220;). Der Zugriff auf die Website und das Durchsuchen der Website setzt die uneingeschr\u00e4nkte Annahme dieses rechtlichen Hinweises voraus. 3. Geistiges und gewerbliches Eigentum Der gesamte Inhalt der Website, [&hellip;]<\/p>\n","protected":false},"author":1,"featured_media":0,"parent":0,"menu_order":0,"comment_status":"closed","ping_status":"closed","template":"","meta":{"_uag_custom_page_level_css":"","footnotes":""},"class_list":["post-1128","page","type-page","status-publish","hentry"],"blocksy_meta":[],"uagb_featured_image_src":{"full":false,"thumbnail":false,"medium":false,"medium_large":false,"large":false,"1536x1536":false,"2048x2048":false},"uagb_author_info":{"display_name":"rubenfh","author_link":"https:\/\/varaderoportbara.com\/de\/author\/rubenfh\/"},"uagb_comment_info":0,"uagb_excerpt":"Rechtlicher Hinweis Identifizierung des Inhabers 2. Gegenstand und Umfang Dieser rechtliche Hinweis regelt den Zugang, das Surfen und die Nutzung der Website https:\/\/varaderoportbara.com\/ (im Folgenden die &#8222;Website&#8220;). Der Zugriff auf die Website und das Durchsuchen der Website setzt die uneingeschr\u00e4nkte Annahme dieses rechtlichen Hinweises voraus. 3. Geistiges und gewerbliches Eigentum Der gesamte Inhalt der Website,&hellip;","_links":{"self":[{"href":"https:\/\/varaderoportbara.com\/de\/wp-json\/wp\/v2\/pages\/1128","targetHints":{"allow":["GET"]}}],"collection":[{"href":"https:\/\/varaderoportbara.com\/de\/wp-json\/wp\/v2\/pages"}],"about":[{"href":"https:\/\/varaderoportbara.com\/de\/wp-json\/wp\/v2\/types\/page"}],"author":[{"embeddable":true,"href":"https:\/\/varaderoportbara.com\/de\/wp-json\/wp\/v2\/users\/1"}],"replies":[{"embeddable":true,"href":"https:\/\/varaderoportbara.com\/de\/wp-json\/wp\/v2\/comments?post=1128"}],"version-history":[{"count":1,"href":"https:\/\/varaderoportbara.com\/de\/wp-json\/wp\/v2\/pages\/1128\/revisions"}],"predecessor-version":[{"id":1130,"href":"https:\/\/varaderoportbara.com\/de\/wp-json\/wp\/v2\/pages\/1128\/revisions\/1130"}],"wp:attachment":[{"href":"https:\/\/varaderoportbara.com\/de\/wp-json\/wp\/v2\/media?parent=1128"}],"curies":[{"name":"wp","href":"https:\/\/api.w.org\/{rel}","templated":true}]}}