{"id":1156,"date":"2024-03-05T09:29:43","date_gmt":"2024-03-05T08:29:43","guid":{"rendered":"https:\/\/varaderoportbara.com\/strandungs-rechner\/"},"modified":"2024-06-09T07:32:29","modified_gmt":"2024-06-09T05:32:29","slug":"strandungs-rechner","status":"publish","type":"page","link":"https:\/\/varaderoportbara.com\/de\/strandungs-rechner\/","title":{"rendered":"Strandungs-Rechner"},"content":{"rendered":"\n<!DOCTYPE html>\n<html lang=\"de\">\n<head>\n    <meta charset=\"UTF-8\">\n    <meta name=\"viewport\" content=\"width=device-width, initial-scale=1.0\">\n    <title>Kranrechner<\/title>\n    <style>\n        .container {\n            max-width: 600px;\n            margin: 0 auto;\n            padding: 20px;\n            border: 1px solid #ccc;\n            border-radius: 10px;\n        }\n        .form-group {\n            margin-bottom: 15px;\n        }\n        label {\n            display: block;\n            margin-bottom: 5px;\n        }\n        input, select {\n            width: 100%;\n            padding: 8px;\n            box-sizing: border-box;\n        }\n        button {\n            display: inline-block;\n            padding: 10px 15px;\n            background-color: #007bff;\n            color: white;\n            border: none;\n            border-radius: 5px;\n            cursor: pointer;\n        }\n        button:hover {\n            background-color: #0056b3;\n        }\n        .result {\n            margin-top: 20px;\n        }\n        table {\n            width: 100%;\n            border-collapse: collapse;\n            margin-top: 20px;\n        }\n        th, td {\n            border: 1px solid #ddd;\n            padding: 8px;\n        }\n        th {\n            background-color: #f2f2f2;\n        }\n    <\/style>\n<\/head>\n<body>\n<div class=\"container\" id=\"gruaContainer\">\n    <h2>Kranrechner (Kran \/ Travelift, Aufenthalt und Dienstleistungen)<\/h2>\n    <div class=\"form-group\">\n        <label for=\"esloraGrua\">L\u00e4nge des Bootes (in Metern):<\/label>\n        <select id=\"esloraGrua\">\n            <option value=\"52.66\">Bis zu 6 m<\/option>\n            <option value=\"61.63\">Bis zu 7 m<\/option>\n            <option value=\"74.52\">Bis zu 8 m<\/option>\n            <option value=\"80.57\">Bis zu 9 m<\/option>\n            <option value=\"84.90\">Bis zu 10 m<\/option>\n            <option value=\"96.50\">Bis zu 11 m<\/option>\n            <option value=\"115.77\">Bis zu 12 m<\/option>\n            <option value=\"122.46\">Bis zu 13 m<\/option>\n            <option value=\"134.63\">Bis zu 14 m<\/option>\n            <option value=\"148.12\">Bis zu 15 m<\/option>\n            <option value=\"160.86\">Bis zu 16 m<\/option>\n            <option value=\"174.61\">Bis zu 17 m<\/option>\n            <option value=\"191.61\">Bis zu 18 m<\/option>\n            <option value=\"215.36\">Bis zu 19 m<\/option>\n            <option value=\"246.40\">Bis zu 20 m<\/option>\n            <option value=\"263.01\">Bis zu 21 m<\/option>\n            <option value=\"362.00\">Bis zu 22 m<\/option>\n            <option value=\"383.21\">Bis zu 23 m<\/option>\n            <option value=\"400.62\">Bis zu 24 m<\/option>\n            <option value=\"425.50\">Bis zu 25 m<\/option>\n            <option value=\"450.89\">Bis zu 26 m<\/option>\n            <option value=\"477.93\">Bis zu 27 m<\/option>\n            <option value=\"506.63\">Bis zu 28 m<\/option>\n            <option value=\"537.04\">Bis zu 29 m<\/option>\n            <option value=\"569.27\">Bis zu 30 m<\/option>\n            <option value=\"603.35\">Bis zu 31 m<\/option>\n        <\/select>\n    <\/div>\n    <div class=\"form-group\">\n        <label for=\"manga\">Breite des Bootes (in Metern):<\/label>\n        <input type=\"number\" id=\"manga\" placeholder=\"Breite\" required>\n    <\/div>\n    <div class=\"form-group\">\n        <label for=\"dias\">Anzahl der Tage:<\/label>\n        <input type=\"number\" id=\"dias\" placeholder=\"Anzahl der Tage\" required>\n    <\/div>\n    <div class=\"form-group\">\n        <label for=\"nombre\">Vorname:<\/label>\n        <input type=\"text\" id=\"nombre\" placeholder=\"Ihr Vorname\" required>\n    <\/div>\n    <div class=\"form-group\">\n        <label for=\"apellidos\">Nachname:<\/label>\n        <input type=\"text\" id=\"apellidos\" placeholder=\"Ihr Nachname\" required>\n    <\/div>\n    <div class=\"form-group\">\n        <label for=\"email\">Email:<\/label>\n        <input type=\"email\" id=\"email\" placeholder=\"Ihr Email\" required>\n    <\/div>\n    <div class=\"form-group\">\n        <label for=\"telefono\">Telefon:<\/label>\n        <input type=\"tel\" id=\"telefono\" placeholder=\"Ihr Telefon\" required>\n    <\/div>\n    <button onclick=\"calcularGrua()\">Berechnen<\/button>\n    <div class=\"result\" id=\"resultadoGrua\"><\/div>\n<\/div>\n\n<button id=\"btnDescargar\" onclick=\"descargarPresupuesto()\" style=\"display: none;\">Angebot Herunterladen<\/button>\n\n<script src=\"https:\/\/cdnjs.cloudflare.com\/ajax\/libs\/html2pdf.js\/0.9.2\/html2pdf.bundle.min.js\"><\/script>\n<script>\nfunction calcularGrua() {\n    if (!validarCampos()) {\n        alert('Bitte f\u00fcllen Sie alle Felder aus.');\n        return;\n    }\n\n    let esloraText = document.getElementById('esloraGrua').options[document.getElementById('esloraGrua').selectedIndex].text;\n    let eslora = parseFloat(esloraText.match(\/(\\d+)\/)[0]);\n    let manga = parseFloat(document.getElementById('manga').value);\n    let dias = parseInt(document.getElementById('dias').value);\n    let precioGrua = parseFloat(document.getElementById('esloraGrua').value);\n\n    let metrosCuadrados = eslora * manga;\n    let tarifaVaradero = 0.5; \/\/ Beispieltarif\n    let costoEstanciaVaradero = metrosCuadrados * tarifaVaradero * dias;\n\n    \/\/ Kosten pro Laufmeter\n    let costoLimpiezaObraViva = eslora * 11.83;\n    let costoTacada = eslora * 5.13;\n    let costoGestionResiduos = eslora * 2.37;\n\n    \/\/ T\u00e4gliche Kosten\n    let costoElectricidadDiaria = dias * 7.57;\n    let costoAguaDiaria = dias * 6.00;\n    let costoSeguroRCDiario = dias * 6.57;\n\n    let subtotal = precioGrua + costoEstanciaVaradero + costoLimpiezaObraViva + costoTacada + costoGestionResiduos + costoElectricidadDiaria + costoAguaDiaria + costoSeguroRCDiario;\n    let iva = subtotal * 0.21;\n    let total = subtotal + iva;\n\n    document.getElementById('resultadoGrua').innerHTML = `\n        <table>\n            <tr><th>Konzept<\/th><th>Preis (\u20ac)<\/th><\/tr>\n            <tr><td>Krankosten<\/td><td>${precioGrua.toFixed(2)}<\/td><\/tr>\n            <tr><td>Aufenthalt im Werft (Quadratmeter x Tage)<\/td><td>${costoEstanciaVaradero.toFixed(2)}<\/td><\/tr>\n            <tr><td>Rumpfreinigung (pro L\u00e4nge)<\/td><td>${costoLimpiezaObraViva.toFixed(2)}<\/td><\/tr>\n            <tr><td>Takelung (pro L\u00e4nge)<\/td><td>${costoTacada.toFixed(2)}<\/td><\/tr>\n            <tr><td>Abfallentsorgung (pro L\u00e4nge)<\/td><td>${costoGestionResiduos.toFixed(2)}<\/td><\/tr>\n            <tr><td>T\u00e4gliche Elektrizit\u00e4t<\/td><td>${costoElectricidadDiaria.toFixed(2)}<\/td><\/tr>\n            <tr><td>T\u00e4gliches Wasser<\/td><td>${costoAguaDiaria.toFixed(2)}<\/td><\/tr>\n            <tr><td>T\u00e4gliche RC-Versicherung<\/td><td>${costoSeguroRCDiario.toFixed(2)}<\/td><\/tr>\n            <tr><td>Zwischensumme<\/td><td>${subtotal.toFixed(2)}<\/td><\/tr>\n            <tr><td>Mehrwertsteuer (21%)<\/td><td>${iva.toFixed(2)}<\/td><\/tr>\n            <tr><td>Gesamt<\/td><td>${total.toFixed(2)}<\/td><\/tr>\n        <\/table>\n    `;\n\n    document.getElementById('btnDescargar').style.display = 'block';\n\n    \/\/ Erstellen Sie den PDF-Inhalt\n    const content = `\n        <div style=\"padding:50px\"><img decoding=\"async\" src=\"https:\/\/varaderoportbara.com\/wp-content\/uploads\/2024\/03\/LOGO.webp\" alt=\"Logo\" class=\"logo\" style=\"width:200px;height:auto\">\n        <h2>Werftangebot<\/h2>\n        <p>Firmenname: Varadero Port Bara Sociedad Limitada.<\/p>\n        <p>CIF: B55608921 - PASEO MARITIM, S\/N, B\u00fcros Varadero Port Bara. 43883, RODA DE BARA (TARRAGONA). SPANIEN.<\/p>\n        <hr>\n        <p>Vorname: ${document.getElementById('nombre').value} ${document.getElementById('apellidos').value}<\/p>\n        <p>Email: ${document.getElementById('email').value} - Telefon: ${document.getElementById('telefono').value}<\/p>\n        <p>L\u00e4nge: ${eslora} m \/ Breite: ${manga} m \/ Anzahl der Tage: ${dias}<\/p>\n        <hr>\n        <h3>Angebotsdetails:<\/h3>\n        ${document.getElementById('resultadoGrua').innerHTML}\n        <\/div>\n    `;\n\n    \/\/ Konvertieren Sie den HTML-Inhalt in PDF und senden Sie ihn an den Server\n    html2pdf().from(content).output('blob').then(function (pdfBlob) {\n        const formData = new FormData();\n        formData.append('pdf', pdfBlob, 'angebot.pdf');\n        formData.append('nombre', document.getElementById('nombre').value);\n        formData.append('apellidos', document.getElementById('apellidos').value);\n        formData.append('email', document.getElementById('email').value);\n        formData.append('telefono', document.getElementById('telefono').value);\n        formData.append('eslora', eslora);\n        formData.append('manga', manga);\n        formData.append('dias', dias);\n\n        fetch('https:\/\/varaderoportbara.com\/mailling.php', { \/\/ Passen Sie die URL an den richtigen Ort an, an dem sich Ihr PHP-Skript befindet\n            method: 'POST',\n            body: formData\n        })\n        .then(response => response.json())\n        .then(data => {\n            if (data.success) {\n                alert('E-Mail erfolgreich an hola@varaderoportbara.com gesendet');\n            } else {\n                alert('Fehler beim Senden der E-Mail: ' + data.message);\n            }\n        })\n        .catch((error) => {\n            console.error('Fehler:', error);\n            alert('Fehler beim Senden der E-Mail');\n        });\n    });\n}\n\nfunction validarCampos() {\n    const nombre = document.getElementById('nombre').value.trim();\n    const apellidos = document.getElementById('apellidos').value.trim();\n    const email = document.getElementById('email').value.trim();\n    const telefono = document.getElementById('telefono').value.trim();\n    const manga = document.getElementById('manga').value.trim();\n    const dias = document.getElementById('dias').value.trim();\n    return nombre && apellidos && email && telefono && manga && dias;\n}\n\nfunction descargarPresupuesto() {\n    const nombre = document.getElementById('nombre').value;\n    const apellidos = document.getElementById('apellidos').value;\n    const email = document.getElementById('email').value;\n    const telefono = document.getElementById('telefono').value;\n    const resultadoGrua = document.getElementById('resultadoGrua').innerHTML;\n\n    \/\/ Erstellen Sie den PDF-Inhalt\n    const content = `\n        <div style=\"padding:50px\"><img decoding=\"async\" src=\"https:\/\/varaderoportbara.com\/wp-content\/uploads\/2024\/03\/LOGO.webp\" alt=\"Logo\" class=\"logo\" style=\"width:200px;height:auto\">\n        <h2>Werftangebot<\/h2>\n        <p>Firmenname: Varadero Port Bara Sociedad Limitada.<\/p>\n        <p>CIF: B55608921 - PASEO MARITIM, S\/N, B\u00fcros Varadero Port Bara. 43883, RODA DE BARA (TARRAGONA). SPANIEN.<\/p>\n        <hr>\n        <p>Vorname: ${nombre} ${apellidos}<\/p>\n        <p>Email: ${email}<\/p>\n        <p>Telefon: ${telefono}<\/p>\n        <hr>\n        <h3>Angebotsdetails:<\/h3>\n        ${resultadoGrua}<\/div>\n    `;\n\n    \/\/ Konvertieren Sie den HTML-Inhalt in PDF und laden Sie ihn herunter\n    html2pdf().from(content).save();\n}\n<\/script>\n<\/body>\n<\/html>\n\n\n\n\n<!DOCTYPE html>\n<html lang=\"de\">\n<head>\n    <meta charset=\"UTF-8\">\n    <meta name=\"viewport\" content=\"width=device-width, initial-scale=1.0\">\n    <title>Antifouling-Kostenrechner 2024<\/title>\n    <style>\n        .container {\n            max-width: 600px;\n            margin: 0 auto;\n            padding: 20px;\n            border: 1px solid #ccc;\n            border-radius: 10px;\n        }\n        .form-group {\n            margin-bottom: 15px;\n        }\n        label {\n            display: block;\n            margin-bottom: 5px;\n        }\n        input, select {\n            width: 100%;\n            padding: 8px;\n            box-sizing: border-box;\n        }\n        button {\n            display: inline-block;\n            padding: 10px 15px;\n            background-color: #007bff;\n            color: white;\n            border: none;\n            border-radius: 5px;\n            cursor: pointer;\n        }\n        button:hover {\n            background-color: #0056b3;\n        }\n        .result {\n            margin-top: 20px;\n        }\n        table {\n            width: 100%;\n            border-collapse: collapse;\n            margin-top: 20px;\n        }\n        th, td {\n            border: 1px solid #ddd;\n            padding: 8px;\n        }\n        th {\n            background-color: #f2f2f2;\n        }\n    <\/style>\n<\/head>\n<body>\n<div class=\"container\" id=\"gruaContainer\">\n    <h2>Antifouling-Kostenrechner 2024<\/h2>\n    <div class=\"form-group\">\n        <label for=\"eslora\">L\u00e4nge des Bootes (6-30 Meter):<\/label>\n        <input type=\"number\" id=\"eslora\" name=\"eslora\" min=\"6\" max=\"30\" required>\n    <\/div>\n    <div class=\"form-group\">\n        <label for=\"servicio\">W\u00e4hlen Sie die Art der Dienstleistung:<\/label>\n        <select id=\"servicio\" name=\"servicio\">\n            <option value=\"casco\">Rumpf<\/option>\n            <option value=\"1cola\/eje\">1 PROPELLER\/WELLE<\/option>\n            <option value=\"2colas\/ejes\">2 PROPELLER\/WELLEN<\/option>\n        <\/select>\n    <\/div>\n    <button onclick=\"calcularCosto()\">Berechnen<\/button>\n    <div class=\"result\" id=\"resultado\"><\/div>\n<br>\n    <h4>Enth\u00e4lt:<\/h4>\n    <ul>\n        <li>Das Auf- und Abslippen, das Aufbocken und 3 Tage Aufenthalt im Werft.<\/li>\n        <li>Reinigung des Unterwasserschiffs und des Antriebssystems<\/li>\n        <li>Auftragen von 2 Schichten selbstpolierendem INTERNATIONAL Antifouling<\/li>\n        <li>Arbeitskosten f\u00fcr den Austausch der Anoden<\/li>\n    <\/ul>\n    <p>Enth\u00e4lt keine Reinigung der Heckplattform (+1,50\u20ac+MwSt)<\/p>\n    <p>F\u00fcr Katamarane wird der Preis mit dem Koeffizienten 1,20 multipliziert<\/p>\n    <p>Anoden werden je nach Modell separat berechnet<\/p>\n    <p>Die Preise verstehen sich ohne MwSt.<\/p>\n\n<\/div>\n\n<script>\n\/\/ Funktion zur Berechnung der Kosten basierend auf der L\u00e4nge und der ausgew\u00e4hlten Dienstleistung\nfunction calcularCosto() {\n  var eslora = document.getElementById('eslora').value;\n  var servicio = document.getElementById('servicio').value;\n  var precio = 0;\n\n  \/\/ Preisarrays f\u00fcr jede Dienstleistungsart pro Meter L\u00e4nge\n  \/\/ Hinweis: Die Preise sind von 0 bis 24 indexiert und entsprechen L\u00e4ngen von 6m bis 30m\n  var precios_casco = [529.82, 596.58, 693.53, 777.60, 858.47, 975.82, 1130.42, 1238.53, 1356.97, 1432.21, 1643.01, 1855.71, 2074.51, 2305.99, 2510.42, 2724.34, 3080.36, 3257.82, 3428.77, 3612.49, 3797.08, 3984.49, 4174.73, 4367.90, 4564.18];\n  var precios_1cola_eje = [675.47, 742.23, 839.18, 923.25, 1004.12, 1121.47, 1276.08, 1384.18, 1502.62, 1577.86, 1788.66, 2001.36, 2292.99, 2524.47, 2728.90, 2942.82, 3298.84, 3476.29, 3647.25, 3830.97, 4015.55, 4202.97, 4393.21, 4586.38, 4782.66];\n  var precios_2colas_ejes = [821.12, 887.88, 984.84, 1068.90, 1149.77, 1267.12, 1421.73, 1529.84, 1648.27, 1723.51, 1934.32, 2147.01, 2511.47, 2742.95, 2947.38, 3161.29, 3517.32, 3694.77, 3865.73, 4049.45, 4234.03, 4421.45, 4611.68, 4804.86, 5001.14];\n\n  \/\/ \u00dcberpr\u00fcfen, ob die L\u00e4nge im zul\u00e4ssigen Bereich liegt\n  if(eslora >= 6 && eslora <= 30) {\n    \/\/ Index im Array basierend auf der L\u00e4nge berechnen\n    var indice = eslora - 6; \/\/ F\u00fcr L\u00e4nge von 6m, Index 0; f\u00fcr 7m, Index 1, usw.\n\n    \/\/ W\u00e4hlen Sie das richtige Preisarray basierend auf der gew\u00e4hlten Dienstleistung aus\n    var precios_servicio = servicio === \"casco\" ? precios_casco :\n                           servicio === \"1cola\/eje\" ? precios_1cola_eje :\n                           precios_2colas_ejes;\n\n    \/\/ Preis der Dienstleistung basierend auf dem Index erhalten\n    precio = precios_servicio[indice];\n\n    \/\/ Ergebnis anzeigen\n    document.getElementById('resultado').innerText = 'Die Kosten betragen: ' + precio.toFixed(2) + ' \u20ac';\n  } else {\n    \/\/ Fehler anzeigen, wenn die L\u00e4nge au\u00dferhalb des zul\u00e4ssigen Bereichs liegt\n    document.getElementById('resultado').innerText = 'Bitte geben Sie eine L\u00e4nge zwischen 6 und 30 Metern ein.';\n  }\n}\n<\/script>\n\n\n\n\n<div class=\"wp-block-cover alignfull\"><span aria-hidden=\"true\" class=\"wp-block-cover__background has-palette-color-2-background-color has-background-dim-100 has-background-dim\"><\/span><div class=\"wp-block-cover__inner-container is-layout-constrained wp-block-cover-is-layout-constrained\">\n<h2 class=\"wp-block-heading has-text-align-center has-palette-color-1-color has-text-color has-link-color wp-elements-9aca7f5fd6b3fdda9df8e2045c7ab53e\">Kontakt Varadero Hafen Bar\u00e0<\/h2>\n\n\n\n<p class=\"has-text-align-center has-medium-font-size\">F\u00fcr pers\u00f6nliche Dienstleistungen und Anfragen z\u00f6gern Sie bitte nicht, uns unter <a>info@varaderoportbara.com<\/a> zu kontaktieren oder uns unter <a href=\"tel:97780866\">97780866<\/a> anzurufen <a href=\"tel:97780866\">.<\/a> Wir sind auch unter den folgenden Telefonnummern erreichbar: Marc: <a href=\"tel:34645863466\">645863466<\/a> und Juanjo: <a href=\"tel:664299494\">664299494.<\/a><\/p>\n\n\n\n<p class=\"has-text-align-center has-medium-font-size\"><strong>STUNDEN: <\/strong>Montag bis Freitag von 8:00 bis 17:00 Uhr und samstags von 8:00 bis 12:00 Uhr.<\/p>\n\n\n\n<div class=\"wp-block-uagb-buttons uagb-buttons__outer-wrap uagb-btn__default-btn uagb-btn-tablet__default-btn uagb-btn-mobile__default-btn uagb-block-2139e607\"><div class=\"uagb-buttons__wrap uagb-buttons-layout-wrap \">\n<div class=\"wp-block-uagb-buttons-child uagb-buttons__outer-wrap uagb-block-266ffa89 wp-block-button\"><div class=\"uagb-button__wrapper\"><a class=\"uagb-buttons-repeater wp-block-button__link\" aria-label=\"\" href=\"tel:34977800866\" rel=\"nofollow noopener\" target=\"_self\" role=\"button\"><div class=\"uagb-button__link\">RUFEN SIE UNS AN<\/div><span class=\"uagb-button__icon uagb-button__icon-position-after\"><svg xmlns=\"https:\/\/www.w3.org\/2000\/svg\" viewbox=\"0 0 448 512\" aria-hidden=\"true\" focussable=\"false\"><path d=\"M384 32H64C28.65 32 0 60.65 0 96v320c0 35.35 28.65 64 64 64h320c35.35 0 64-28.65 64-64V96C448 60.65 419.3 32 384 32zM351.6 321.5l-11.62 50.39c-1.633 7.125-7.9 12.11-15.24 12.11c-126.1 0-228.7-102.6-228.7-228.8c0-7.328 4.984-13.59 12.11-15.22l50.38-11.63c7.344-1.703 14.88 2.109 17.93 9.062l23.27 54.28c2.719 6.391 .8828 13.83-4.492 18.22L168.3 232c16.99 34.61 45.14 62.75 79.77 79.75l22.02-26.91c4.344-5.391 11.85-7.25 18.24-4.484l54.24 23.25C349.5 306.6 353.3 314.2 351.6 321.5z\"><\/path><\/svg><\/span><\/a><\/div><\/div>\n\n\n\n<div class=\"wp-block-uagb-buttons-child uagb-buttons__outer-wrap uagb-block-3dbf6540 wp-block-button\"><div class=\"uagb-button__wrapper\"><a class=\"uagb-buttons-repeater wp-block-button__link\" aria-label=\"\" href=\"mailto:info@varaderoportbara.com\" rel=\"follow noopener\" target=\"_self\" role=\"button\"><div class=\"uagb-button__link\">SCHREIBEN SIE AN UNS<\/div><span class=\"uagb-button__icon uagb-button__icon-position-after\"><svg xmlns=\"https:\/\/www.w3.org\/2000\/svg\" viewbox=\"0 0 512 512\" aria-hidden=\"true\" focussable=\"false\"><path d=\"M464 64C490.5 64 512 85.49 512 112C512 127.1 504.9 141.3 492.8 150.4L275.2 313.6C263.8 322.1 248.2 322.1 236.8 313.6L19.2 150.4C7.113 141.3 0 127.1 0 112C0 85.49 21.49 64 48 64H464zM217.6 339.2C240.4 356.3 271.6 356.3 294.4 339.2L512 176V384C512 419.3 483.3 448 448 448H64C28.65 448 0 419.3 0 384V176L217.6 339.2z\"><\/path><\/svg><\/span><\/a><\/div><\/div>\n<\/div><\/div>\n<\/div><\/div>\n\n\n\t\t\t<div \n\t\t\tclass=\"wp-block-uagb-google-map uagb-google-map__wrap uagb-block-eaa77454     mapa\"\n\t\t\tstyle=\"\" >\n\t\t\t\t<embed\n\t\t\t\t\tclass=\"uagb-google-map__iframe\"\n\t\t\t\t\ttitle=\"Google Map for \"\n\t\t\t\t\tsrc=\"https:\/\/maps.google.com\/maps?q=varadero%20port%20bar%C3%A0&#038;z=15&#038;hl=es&#038;t=m&#038;output=embed&#038;iwloc=near\"\n\t\t\t\t\twidth=\"640\"\n\t\t\t\t\theight=\"300\"\n\t\t\t\t\tloading=\"lazy\"\n\t\t\t\t><\/embed>\n\t\t\t<\/div>\n\t\t\t","protected":false},"excerpt":{"rendered":"<p>Kranrechner Kranrechner (Kran \/ Travelift, Aufenthalt und Dienstleistungen) L\u00e4nge des Bootes (in Metern): Bis zu 6 mBis zu 7 mBis zu 8 mBis zu 9 mBis zu 10 mBis zu 11 mBis zu 12 mBis zu 13 mBis zu 14 mBis zu 15 mBis zu 16 mBis zu 17 mBis zu 18 mBis zu 19 [&hellip;]<\/p>\n","protected":false},"author":1,"featured_media":0,"parent":0,"menu_order":0,"comment_status":"closed","ping_status":"closed","template":"","meta":{"_uag_custom_page_level_css":"","footnotes":""},"class_list":["post-1156","page","type-page","status-publish","hentry"],"blocksy_meta":[],"uagb_featured_image_src":{"full":false,"thumbnail":false,"medium":false,"medium_large":false,"large":false,"1536x1536":false,"2048x2048":false},"uagb_author_info":{"display_name":"rubenfh","author_link":"https:\/\/varaderoportbara.com\/de\/author\/rubenfh\/"},"uagb_comment_info":0,"uagb_excerpt":"Kranrechner Kranrechner (Kran \/ Travelift, Aufenthalt und Dienstleistungen) L\u00e4nge des Bootes (in Metern): Bis zu 6 mBis zu 7 mBis zu 8 mBis zu 9 mBis zu 10 mBis zu 11 mBis zu 12 mBis zu 13 mBis zu 14 mBis zu 15 mBis zu 16 mBis zu 17 mBis zu 18 mBis zu 19&hellip;","_links":{"self":[{"href":"https:\/\/varaderoportbara.com\/de\/wp-json\/wp\/v2\/pages\/1156","targetHints":{"allow":["GET"]}}],"collection":[{"href":"https:\/\/varaderoportbara.com\/de\/wp-json\/wp\/v2\/pages"}],"about":[{"href":"https:\/\/varaderoportbara.com\/de\/wp-json\/wp\/v2\/types\/page"}],"author":[{"embeddable":true,"href":"https:\/\/varaderoportbara.com\/de\/wp-json\/wp\/v2\/users\/1"}],"replies":[{"embeddable":true,"href":"https:\/\/varaderoportbara.com\/de\/wp-json\/wp\/v2\/comments?post=1156"}],"version-history":[{"count":21,"href":"https:\/\/varaderoportbara.com\/de\/wp-json\/wp\/v2\/pages\/1156\/revisions"}],"predecessor-version":[{"id":1407,"href":"https:\/\/varaderoportbara.com\/de\/wp-json\/wp\/v2\/pages\/1156\/revisions\/1407"}],"wp:attachment":[{"href":"https:\/\/varaderoportbara.com\/de\/wp-json\/wp\/v2\/media?parent=1156"}],"curies":[{"name":"wp","href":"https:\/\/api.w.org\/{rel}","templated":true}]}}