{"id":1164,"date":"2024-03-05T09:29:30","date_gmt":"2024-03-05T08:29:30","guid":{"rendered":"https:\/\/varaderoportbara.com\/zoelle\/"},"modified":"2026-02-10T14:33:17","modified_gmt":"2026-02-10T13:33:17","slug":"zoelle","status":"publish","type":"page","link":"https:\/\/varaderoportbara.com\/de\/zoelle\/","title":{"rendered":"Z\u00f6lle"},"content":{"rendered":"\n<div class=\"wp-block-cover alignfull has-parallax\"><div class=\"wp-block-cover__image-background wp-image-479 has-parallax\" style=\"background-position:50% 50%;background-image:url(https:\/\/blamark.com\/varadero\/wp-content\/uploads\/2024\/03\/travelift.webp)\"><\/div><span aria-hidden=\"true\" class=\"wp-block-cover__background has-palette-color-2-background-color has-background-dim-80 has-background-dim\"><\/span><div class=\"wp-block-cover__inner-container is-layout-constrained wp-block-cover-is-layout-constrained\">\n<h2 class=\"wp-block-heading has-text-align-center has-palette-color-1-color has-text-color has-link-color has-large-font-size wp-elements-b42579f9424500b7210f7a46b02f805b\"><strong>Kranbewegung &amp; Travelift<\/strong><\/h2>\n\n\n\n<hr class=\"wp-block-separator has-alpha-channel-opacity\"\/>\n<\/div><\/div>\n\n<figure class=\"wp-block-table\"><table class=\"has-fixed-layout\"><thead><tr><th>Meter<\/th><th>Grundpreis<\/th><th>MEHRWERTSTEUER<\/th><th>Gesamt (\u20ac)<\/th><\/tr><\/thead><tbody><tr><td>Bis zu 6 m<\/td><td>58,35<\/td><td>12,25<\/td><td>70,60<\/td><\/tr><tr><td>Bis zu 7 m<\/td><td>68,29<\/td><td>14,34<\/td><td>82,63<\/td><\/tr><tr><td>Bis zu 8 m<\/td><td>82,57<\/td><td>17,34<\/td><td>99,91<\/td><\/tr><tr><td>Bis zu 9 m<\/td><td>89,27<\/td><td>18,75<\/td><td>108,02<\/td><\/tr><tr><td>Bis zu 10 m<\/td><td>94,07<\/td><td>19,76<\/td><td>113,83<\/td><\/tr><tr><td>Bis zu 11 m<\/td><td>106,93<\/td><td>22,45<\/td><td>129,38<\/td><\/tr><tr><td>Bis zu 12 m<\/td><td>128,28<\/td><td>26,94<\/td><td>155,22<\/td><\/tr><tr><td>Bis zu 13 m<\/td><td>135,69<\/td><td>28,49<\/td><td>164,18<\/td><\/tr><tr><td>Bis zu 14 m<\/td><td>149,17<\/td><td>31,33<\/td><td>180,50<\/td><\/tr><tr><td>Bis zu 15 m<\/td><td>164,12<\/td><td>34,47<\/td><td>198,59<\/td><\/tr><tr><td>Bis zu 16 m<\/td><td>178,24<\/td><td>37,43<\/td><td>215,67<\/td><\/tr><tr><td>Bis zu 17 m<\/td><td>193,47<\/td><td>40,63<\/td><td>234,10<\/td><\/tr><tr><td>Bis zu 18 m<\/td><td>212,31<\/td><td>44,59<\/td><td>256,90<\/td><\/tr><tr><td>Bis zu 19 m<\/td><td>238,63<\/td><td>50,11<\/td><td>288,74<\/td><\/tr><tr><td>Bis zu 20 m<\/td><td>301,05<\/td><td>63,22<\/td><td>364,27<\/td><\/tr><tr><td>Bis zu 21 m<\/td><td>321,21<\/td><td>67,45<\/td><td>388,66<\/td><\/tr><tr><td>Bis zu 22 m<\/td><td>401,11<\/td><td>84,23<\/td><td>485,34<\/td><\/tr><tr><td>Bis zu 23 m<\/td><td>424,61<\/td><td>89,17<\/td><td>513,78<\/td><\/tr><tr><td>Bis zu 24 m<\/td><td>443,90<\/td><td>93,22<\/td><td>537,12<\/td><\/tr><tr><td>Bis zu 25 m<\/td><td>471,47<\/td><td>99,01<\/td><td>570,48<\/td><\/tr><tr><td>Bis zu 26 m<\/td><td>499,60<\/td><td>104,92<\/td><td>604,52<\/td><\/tr><tr><td>Bis zu 27 m<\/td><td>529,56<\/td><td>111,21<\/td><td>640,77<\/td><\/tr><tr><td>Bis zu 28 m<\/td><td>561,36<\/td><td>117,89<\/td><td>679,25<\/td><\/tr><tr><td>Bis zu 29 m<\/td><td>595,06<\/td><td>124,96<\/td><td>720,02<\/td><\/tr><tr><td>Bis zu 30 m<\/td><td>630,77<\/td><td>132,46<\/td><td>763,23<\/td><\/tr><tr><td>Bis zu 31 m<\/td><td>668,53<\/td><td>140,39<\/td><td>808,92<\/td><\/tr><\/tbody><\/table><\/figure>\n\n<div class=\"wp-block-cover alignfull has-parallax\"><div class=\"wp-block-cover__image-background wp-image-455 has-parallax\" style=\"background-position:50% 50%;background-image:url(https:\/\/blamark.com\/varadero\/wp-content\/uploads\/2024\/03\/barco-yate.webp)\"><\/div><span aria-hidden=\"true\" class=\"wp-block-cover__background has-palette-color-2-background-color has-background-dim-80 has-background-dim\"><\/span><div class=\"wp-block-cover__inner-container is-layout-constrained wp-block-cover-is-layout-constrained\">\n<h2 class=\"wp-block-heading has-text-align-center has-palette-color-1-color has-text-color has-link-color has-large-font-size wp-elements-02f720455f5d42a793e4699990ac6306\"><strong>Winteraufenthalt &amp; Pupillage<\/strong><\/h2>\n\n\n\n<hr class=\"wp-block-separator has-alpha-channel-opacity\"\/>\n<\/div><\/div>\n\n<figure class=\"wp-block-table is-style-stripes has-small-font-size\"><table class=\"has-fixed-layout\"><tbody><tr><td><strong>Aufenthalt in Varadero<\/strong><\/td><td><strong>Preis<\/strong><\/td><td><strong>MEHRWERTSTEUER (21%)<\/strong><\/td><td><strong>Gesamt<\/strong><\/td><\/tr><tr><td>Aufenthalt in Varadero<\/td><td>0,79 \u20ac<\/td><td>0,17 \u20ac<\/td><td>0,95 \u20ac<\/td><\/tr><tr><td>Winterpraktikum (mind. 5 Monate) (m2\/Monat)<\/td><td>7,90 \u20ac<\/td><td>1,66 \u20ac<\/td><td>9.56 \u20ac<\/td><\/tr><\/tbody><\/table><\/figure>\n\n<div class=\"wp-block-cover alignfull has-parallax\"><div class=\"wp-block-cover__image-background wp-image-460 has-parallax\" style=\"background-position:50% 50%;background-image:url(https:\/\/blamark.com\/varadero\/wp-content\/uploads\/2024\/03\/buzo.webp)\"><\/div><span aria-hidden=\"true\" class=\"wp-block-cover__background has-palette-color-2-background-color has-background-dim-80 has-background-dim\"><\/span><div class=\"wp-block-cover__inner-container is-layout-constrained wp-block-cover-is-layout-constrained\">\n<h2 class=\"wp-block-heading has-text-align-center has-palette-color-1-color has-text-color has-link-color has-large-font-size wp-elements-90e3e9d970da52f5c222b280661cef3e\"><strong>Verschiedene Dienstleistungen Varadero Port Bar\u00e0<\/strong><\/h2>\n\n\n\n<hr class=\"wp-block-separator has-alpha-channel-opacity\"\/>\n<\/div><\/div>\n\n<figure class=\"wp-block-table\"><table class=\"has-fixed-layout\"><thead><tr><th>Service<\/th><th>Preis (\u20ac)<\/th><th>V.A.T. 21 % (\u20ac)<\/th><th>Gesamt (\u20ac)<\/th><\/tr><\/thead><tbody><tr><td>Reinigung von lebenden Arbeiten (lineare m.)<\/td><td>10,84<\/td><td>2,28<\/td><td>13,11<\/td><\/tr><tr><td>Tacada (m. linear)<\/td><td>4,70<\/td><td>0,99<\/td><td>5,68<\/td><\/tr><tr><td>T\u00e4glicher Strom<\/td><td>6,94<\/td><td>1,46<\/td><td>8,39<\/td><\/tr><tr><td>T\u00e4gliches Wasser<\/td><td>5,50<\/td><td>1,15<\/td><td>6,65<\/td><\/tr><tr><td>Abfallwirtschaft (lfd. m.)<\/td><td>2,17<\/td><td>0,46<\/td><td>2,63<\/td><\/tr><tr><td>CR-Tagesversicherung<\/td><td>6,02<\/td><td>1,26<\/td><td>7,28<\/td><\/tr><tr><td>Gabelstapler mieten (Stunde)<\/td><td>60,22<\/td><td>12,65<\/td><td>72,87<\/td><\/tr><tr><td>Aussetzung des Motors (Stunde)<\/td><td>54,19<\/td><td>11,38<\/td><td>65,57<\/td><\/tr><tr><td>Ger\u00fcstverleih (Tag)<\/td><td>6,02<\/td><td>1,26<\/td><td>7,28<\/td><\/tr><tr><td>Vermietung von Leitern (Tag)<\/td><td>6,02<\/td><td>1,26<\/td><td>7,28<\/td><\/tr><tr><td>Taucherservice (Stunde, mindestens 2 h)<\/td><td>114,42<\/td><td>24,03<\/td><td>138,44<\/td><\/tr><tr><td>Grauwasser-\/Sentinensauger (Stunde)<\/td><td>48,18<\/td><td>10,12<\/td><td>58,29<\/td><\/tr><tr><td>Mechanische\/Faserarbeitskr\u00e4fte<\/td><td>55,00<\/td><td>11,55<\/td><td>66,55<\/td><\/tr><tr><td>Arbeitsassistent<\/td><td>45,00<\/td><td>9,45<\/td><td>54,45<\/td><\/tr><\/tbody><\/table><\/figure>\n\n<div class=\"wp-block-cover alignfull has-parallax\" style=\"padding-top:var(--wp--preset--spacing--60);padding-right:var(--wp--preset--spacing--60);padding-bottom:var(--wp--preset--spacing--60);padding-left:var(--wp--preset--spacing--60)\"><div class=\"wp-block-cover__image-background wp-image-451 has-parallax\" style=\"background-position:50% 50%;background-image:url(https:\/\/blamark.com\/varadero\/wp-content\/uploads\/2024\/03\/antifouling.webp)\"><\/div><span aria-hidden=\"true\" class=\"wp-block-cover__background has-palette-color-2-background-color has-background-dim-80 has-background-dim\"><\/span><div class=\"wp-block-cover__inner-container is-layout-constrained wp-container-core-cover-is-layout-db32e940 wp-block-cover-is-layout-constrained\">\n<h2 class=\"wp-block-heading has-text-align-center has-palette-color-1-color has-text-color has-link-color has-large-font-size wp-elements-c0ab06d43424aa678102a07226338118\"><strong>Antifouling Angebot 2025<\/strong><\/h2>\n\n\n\n<hr class=\"wp-block-separator has-alpha-channel-opacity\"\/>\n\n\n\n<p class=\"has-text-align-center has-medium-font-size\">Halten Sie Ihr Boot in perfektem Zustand mit unserem Antifouling-Angebot, in Zusammenarbeit mit International. Die Preise beginnen bei 529,82 \u20ac f\u00fcr Boote bis zu 6 Metern L\u00e4nge und werden je nach L\u00e4nge angepasst, um sicherzustellen, dass Ihr Boot gesch\u00fctzt und f\u00fcr die Leistung optimiert ist. Dieser umfassende Service beinhaltet:<\/p>\n\n\n\n<div class=\"wp-block-group alignwide has-palette-color-1-color has-text-color has-link-color has-medium-font-size wp-elements-1a5667c28733193b1aa45e9e7e40b4c3 is-vertical is-content-justification-center is-layout-flex wp-container-core-group-is-layout-81423f52 wp-block-group-is-layout-flex\">\n<p>Stapellauf und Stapellauf, sowie ein 3-t\u00e4giger Aufenthalt im Trockendock.<\/p>\n\n\n\n<p>Reinigung von Rumpf und Antriebssystem.<\/p>\n\n\n\n<p>Auftragen von zwei Anstrichen Internationales selbstpolierendes Antifouling.<\/p>\n\n\n\n<p>Arbeitsaufwand f\u00fcr den Austausch der Anoden (Anoden nicht inbegriffen und werden je nach Modell berechnet).<\/p>\n<\/div>\n\n\n\n<p class=\"has-text-align-center\"><em>Hinweis: Die Preise enthalten keine Mehrwertsteuer und f\u00fcr Katamarane wird ein Koeffizient von 1,20 angewendet. F\u00fcr zus\u00e4tzliche Arbeiten oder abweichende Spezifikationen, kontaktieren Sie uns bitte f\u00fcr ein detailliertes Angebot.<\/em><\/p>\n\n\n\n<div class=\"wp-block-uagb-buttons uagb-buttons__outer-wrap uagb-btn__default-btn uagb-btn-tablet__default-btn uagb-btn-mobile__default-btn uagb-block-958d1b04\"><div class=\"uagb-buttons__wrap uagb-buttons-layout-wrap \">\n<div class=\"wp-block-uagb-buttons-child uagb-buttons__outer-wrap uagb-block-fd6e98c6 wp-block-button\"><div class=\"uagb-button__wrapper\"><a class=\"uagb-buttons-repeater wp-block-button__link\" aria-label=\"\" href=\"tel:34645863466\" rel=\"nofollow noopener\" target=\"_self\" role=\"button\"><div class=\"uagb-button__link\">RUFEN SIE UNS AN<\/div><span class=\"uagb-button__icon uagb-button__icon-position-after\"><svg xmlns=\"https:\/\/www.w3.org\/2000\/svg\" viewbox=\"0 0 448 512\" aria-hidden=\"true\" focussable=\"false\"><path d=\"M384 32H64C28.65 32 0 60.65 0 96v320c0 35.35 28.65 64 64 64h320c35.35 0 64-28.65 64-64V96C448 60.65 419.3 32 384 32zM351.6 321.5l-11.62 50.39c-1.633 7.125-7.9 12.11-15.24 12.11c-126.1 0-228.7-102.6-228.7-228.8c0-7.328 4.984-13.59 12.11-15.22l50.38-11.63c7.344-1.703 14.88 2.109 17.93 9.062l23.27 54.28c2.719 6.391 .8828 13.83-4.492 18.22L168.3 232c16.99 34.61 45.14 62.75 79.77 79.75l22.02-26.91c4.344-5.391 11.85-7.25 18.24-4.484l54.24 23.25C349.5 306.6 353.3 314.2 351.6 321.5z\"><\/path><\/svg><\/span><\/a><\/div><\/div>\n\n\n\n<div class=\"wp-block-uagb-buttons-child uagb-buttons__outer-wrap uagb-block-daddfb22 wp-block-button\"><div class=\"uagb-button__wrapper\"><a class=\"uagb-buttons-repeater wp-block-button__link\" aria-label=\"\" href=\"mailto:info@varaderoportbara.com\" rel=\"follow noopener\" target=\"_self\" role=\"button\"><div class=\"uagb-button__link\">SCHREIBEN SIE AN UNS<\/div><span class=\"uagb-button__icon uagb-button__icon-position-after\"><svg xmlns=\"https:\/\/www.w3.org\/2000\/svg\" viewbox=\"0 0 512 512\" aria-hidden=\"true\" focussable=\"false\"><path d=\"M464 64C490.5 64 512 85.49 512 112C512 127.1 504.9 141.3 492.8 150.4L275.2 313.6C263.8 322.1 248.2 322.1 236.8 313.6L19.2 150.4C7.113 141.3 0 127.1 0 112C0 85.49 21.49 64 48 64H464zM217.6 339.2C240.4 356.3 271.6 356.3 294.4 339.2L512 176V384C512 419.3 483.3 448 448 448H64C28.65 448 0 419.3 0 384V176L217.6 339.2z\"><\/path><\/svg><\/span><\/a><\/div><\/div>\n<\/div><\/div>\n<\/div><\/div>\n\n<figure class=\"wp-block-table\"><table class=\"has-fixed-layout\"><thead><tr><th>L\u00e4nge des Rumpfes<\/th><th>1 Heck \/ Achse (\u20ac)<\/th><th>2 Schw\u00e4nze \/ Achsen (\u20ac)<\/th><th>Gesamt (\u20ac)<\/th><\/tr><\/thead><tbody><tr><td>Bis zu 6 Meter<\/td><td>587,06<\/td><td>748,44<\/td><td>909,83<\/td><\/tr><tr><td>Bis zu 7 Meter<\/td><td>661,03<\/td><td>822,42<\/td><td>983,80<\/td><\/tr><tr><td>Bis zu 8 Meter<\/td><td>768,45<\/td><td>929,84<\/td><td>1.091,24<\/td><\/tr><tr><td>Bis zu 9 Meter<\/td><td>861,61<\/td><td>1.022,99<\/td><td>1.184,38<\/td><\/tr><tr><td>Bis zu 10 Meter<\/td><td>951,21<\/td><td>1.112,60<\/td><td>1.273,98<\/td><\/tr><tr><td>Bis zu 11 Meter<\/td><td>1.081,24<\/td><td>1.242,63<\/td><td>1.404,01<\/td><\/tr><tr><td>Bis zu 12 Meter<\/td><td>1.252,54<\/td><td>1.413,94<\/td><td>1.575,32<\/td><\/tr><tr><td>Bis zu 13 Meter<\/td><td>1.372,33<\/td><td>1.533,72<\/td><td>1.695,11<\/td><\/tr><tr><td>Bis zu 14 Meter<\/td><td>1.503,57<\/td><td>1.664,95<\/td><td>1.826,34<\/td><\/tr><tr><td>Bis zu 15 Meter<\/td><td>1.586,94<\/td><td>1.748,32<\/td><td>1.909,71<\/td><\/tr><tr><td>Bis zu 16 Meter<\/td><td>1.820,51<\/td><td>1.981,89<\/td><td>2.143,29<\/td><\/tr><tr><td>Bis zu 17 Meter<\/td><td>2.056,19<\/td><td>2.217,57<\/td><td>2.378,96<\/td><\/tr><tr><td>Bis zu 18 Meter<\/td><td>2.298,63<\/td><td>2.540,71<\/td><td>2.782,79<\/td><\/tr><tr><td>Bis zu 19 Meter<\/td><td>2.555,11<\/td><td>2.797,20<\/td><td>3.039,28<\/td><\/tr><tr><td>Bis zu 20 Meter<\/td><td>2.781,63<\/td><td>3.023,71<\/td><td>3.265,80<\/td><\/tr><tr><td>Bis zu 21 Meter<\/td><td>3.018,66<\/td><td>3.260,74<\/td><td>3.502,81<\/td><\/tr><tr><td>Bis zu 22 Meter<\/td><td>3.413,14<\/td><td>3.655,22<\/td><td>3.897,31<\/td><\/tr><tr><td>Bis zu 23 Meter<\/td><td>3.609,77<\/td><td>3.851,84<\/td><td>4.093,93<\/td><\/tr><tr><td>Bis zu 24 Meter<\/td><td>3.799,19<\/td><td>4.041,27<\/td><td>4.283,36<\/td><\/tr><tr><td>Bis zu 25 Meter<\/td><td>4.002,76<\/td><td>4.244,84<\/td><td>4.486,93<\/td><\/tr><tr><td>Bis zu 26 Meter<\/td><td>4.207,29<\/td><td>4.449,36<\/td><td>4.691,45<\/td><\/tr><tr><td>Bis zu 27 Meter<\/td><td>4.414,95<\/td><td>4.657,03<\/td><td>4.899,11<\/td><\/tr><tr><td>Bis zu 28 Meter<\/td><td>4.625,74<\/td><td>4.867,82<\/td><td>5.109,89<\/td><\/tr><tr><td>Bis zu 29 Meter<\/td><td>4.839,78<\/td><td>5.081,86<\/td><td>5.323,94<\/td><\/tr><tr><td>Bis zu 30 Meter<\/td><td>5.057,26<\/td><td>5.299,35<\/td><td>5.541,43<\/td><\/tr><\/tbody><\/table><\/figure>\n\n<div class=\"wp-block-cover alignfull has-parallax\" style=\"padding-top:var(--wp--preset--spacing--60);padding-right:var(--wp--preset--spacing--60);padding-bottom:var(--wp--preset--spacing--60);padding-left:var(--wp--preset--spacing--60)\"><div class=\"wp-block-cover__image-background wp-image-451 has-parallax\" style=\"background-position:50% 50%;background-image:url(https:\/\/blamark.com\/varadero\/wp-content\/uploads\/2024\/03\/antifouling.webp)\"><\/div><span aria-hidden=\"true\" class=\"wp-block-cover__background has-palette-color-2-background-color has-background-dim-80 has-background-dim\"><\/span><div class=\"wp-block-cover__inner-container is-layout-constrained wp-container-core-cover-is-layout-db32e940 wp-block-cover-is-layout-constrained\">\n<h2 class=\"wp-block-heading has-text-align-center has-palette-color-1-color has-text-color has-link-color has-large-font-size wp-elements-a373fd3f33b923cc90e1a7f39d74e811\"><strong>DOWNLOAD DER PREISE IN PDF<\/strong><\/h2>\n\n\n\n<hr class=\"wp-block-separator has-alpha-channel-opacity\"\/>\n\n\n\n<div class=\"wp-block-uagb-buttons uagb-buttons__outer-wrap uagb-btn__default-btn uagb-btn-tablet__default-btn uagb-btn-mobile__default-btn uagb-block-9c1386a9\"><div class=\"uagb-buttons__wrap uagb-buttons-layout-wrap \">\n<div class=\"wp-block-uagb-buttons-child uagb-buttons__outer-wrap uagb-block-1827a68a wp-block-button\"><div class=\"uagb-button__wrapper\"><a class=\"uagb-buttons-repeater wp-block-button__link\" aria-label=\"\" href=\"https:\/\/varaderoportbara.com\/wp-content\/uploads\/2026\/02\/Tarifas-Varadero-2026-1.pdf\" rel=\"follow noopener\" target=\"_blank\" role=\"button\"><div class=\"uagb-button__link\">DOWNLOAD PDF<\/div><\/a><\/div><\/div>\n<\/div><\/div>\n\n\n\n<div class=\"wp-block-uagb-buttons uagb-buttons__outer-wrap uagb-btn__default-btn uagb-btn-tablet__default-btn uagb-btn-mobile__default-btn uagb-block-daa0ffdd\"><div class=\"uagb-buttons__wrap uagb-buttons-layout-wrap \">\n<div class=\"wp-block-uagb-buttons-child uagb-buttons__outer-wrap uagb-block-01633dc2 wp-block-button\"><div class=\"uagb-button__wrapper\"><a class=\"uagb-buttons-repeater wp-block-button__link\" aria-label=\"\" href=\"tel:34645863466\" rel=\"nofollow noopener\" target=\"_self\" role=\"button\"><div class=\"uagb-button__link\">RUFEN SIE UNS AN<\/div><span class=\"uagb-button__icon uagb-button__icon-position-after\"><svg xmlns=\"https:\/\/www.w3.org\/2000\/svg\" viewbox=\"0 0 448 512\" aria-hidden=\"true\" focussable=\"false\"><path d=\"M384 32H64C28.65 32 0 60.65 0 96v320c0 35.35 28.65 64 64 64h320c35.35 0 64-28.65 64-64V96C448 60.65 419.3 32 384 32zM351.6 321.5l-11.62 50.39c-1.633 7.125-7.9 12.11-15.24 12.11c-126.1 0-228.7-102.6-228.7-228.8c0-7.328 4.984-13.59 12.11-15.22l50.38-11.63c7.344-1.703 14.88 2.109 17.93 9.062l23.27 54.28c2.719 6.391 .8828 13.83-4.492 18.22L168.3 232c16.99 34.61 45.14 62.75 79.77 79.75l22.02-26.91c4.344-5.391 11.85-7.25 18.24-4.484l54.24 23.25C349.5 306.6 353.3 314.2 351.6 321.5z\"><\/path><\/svg><\/span><\/a><\/div><\/div>\n\n\n\n<div class=\"wp-block-uagb-buttons-child uagb-buttons__outer-wrap uagb-block-28d50107 wp-block-button\"><div class=\"uagb-button__wrapper\"><a class=\"uagb-buttons-repeater wp-block-button__link\" aria-label=\"\" href=\"mailto:info@varaderoportbara.com\" rel=\"follow noopener\" target=\"_self\" role=\"button\"><div class=\"uagb-button__link\">SCHREIBEN SIE AN UNS<\/div><span class=\"uagb-button__icon uagb-button__icon-position-after\"><svg xmlns=\"https:\/\/www.w3.org\/2000\/svg\" viewbox=\"0 0 512 512\" aria-hidden=\"true\" focussable=\"false\"><path d=\"M464 64C490.5 64 512 85.49 512 112C512 127.1 504.9 141.3 492.8 150.4L275.2 313.6C263.8 322.1 248.2 322.1 236.8 313.6L19.2 150.4C7.113 141.3 0 127.1 0 112C0 85.49 21.49 64 48 64H464zM217.6 339.2C240.4 356.3 271.6 356.3 294.4 339.2L512 176V384C512 419.3 483.3 448 448 448H64C28.65 448 0 419.3 0 384V176L217.6 339.2z\"><\/path><\/svg><\/span><\/a><\/div><\/div>\n<\/div><\/div>\n<\/div><\/div>\n\n<div class=\"wp-block-cover alignfull\"><span aria-hidden=\"true\" class=\"wp-block-cover__background has-palette-color-2-background-color has-background-dim-100 has-background-dim\"><\/span><div class=\"wp-block-cover__inner-container is-layout-constrained wp-block-cover-is-layout-constrained\">\n<h2 class=\"wp-block-heading has-text-align-center has-palette-color-1-color has-text-color has-link-color wp-elements-8066a50d46dae34e5dfae86120662080\">Kontakt Varadero Hafen Bar\u00e0<\/h2>\n\n\n\n<p class=\"has-text-align-center has-medium-font-size\">F\u00fcr pers\u00f6nliche Dienstleistungen und Anfragen z\u00f6gern Sie bitte nicht, uns unter <a>info@varaderoportbara.com<\/a> zu kontaktieren oder uns unter <a href=\"tel:977800866\">977800866 anzurufen .<\/a> Wir sind auch unter den folgenden Telefonnummern erreichbar: Marc: <a href=\"tel:34645863466\">645863466<\/a> und Juanjo: <a href=\"tel:664299494\">664299494.<\/a><\/p>\n\n\n\n<p class=\"has-text-align-center has-medium-font-size\"><strong>STUNDEN: <\/strong>Montag bis Freitag von 8:00 bis 17:00 Uhr und samstags von 8:00 bis 12:00 Uhr.<\/p>\n\n\n\n<div class=\"wp-block-uagb-buttons uagb-buttons__outer-wrap uagb-btn__default-btn uagb-btn-tablet__default-btn uagb-btn-mobile__default-btn uagb-block-2139e607\"><div class=\"uagb-buttons__wrap uagb-buttons-layout-wrap \">\n<div class=\"wp-block-uagb-buttons-child uagb-buttons__outer-wrap uagb-block-266ffa89 wp-block-button\"><div class=\"uagb-button__wrapper\"><a class=\"uagb-buttons-repeater wp-block-button__link\" aria-label=\"\" href=\"tel:34977800866\" rel=\"nofollow noopener\" target=\"_self\" role=\"button\"><div class=\"uagb-button__link\">RUFEN SIE UNS AN<\/div><span class=\"uagb-button__icon uagb-button__icon-position-after\"><svg xmlns=\"https:\/\/www.w3.org\/2000\/svg\" viewbox=\"0 0 448 512\" aria-hidden=\"true\" focussable=\"false\"><path d=\"M384 32H64C28.65 32 0 60.65 0 96v320c0 35.35 28.65 64 64 64h320c35.35 0 64-28.65 64-64V96C448 60.65 419.3 32 384 32zM351.6 321.5l-11.62 50.39c-1.633 7.125-7.9 12.11-15.24 12.11c-126.1 0-228.7-102.6-228.7-228.8c0-7.328 4.984-13.59 12.11-15.22l50.38-11.63c7.344-1.703 14.88 2.109 17.93 9.062l23.27 54.28c2.719 6.391 .8828 13.83-4.492 18.22L168.3 232c16.99 34.61 45.14 62.75 79.77 79.75l22.02-26.91c4.344-5.391 11.85-7.25 18.24-4.484l54.24 23.25C349.5 306.6 353.3 314.2 351.6 321.5z\"><\/path><\/svg><\/span><\/a><\/div><\/div>\n\n\n\n<div class=\"wp-block-uagb-buttons-child uagb-buttons__outer-wrap uagb-block-3dbf6540 wp-block-button\"><div class=\"uagb-button__wrapper\"><a class=\"uagb-buttons-repeater wp-block-button__link\" aria-label=\"\" href=\"mailto:info@varaderoportbara.com\" rel=\"follow noopener\" target=\"_self\" role=\"button\"><div class=\"uagb-button__link\">SCHREIBEN SIE AN UNS<\/div><span class=\"uagb-button__icon uagb-button__icon-position-after\"><svg xmlns=\"https:\/\/www.w3.org\/2000\/svg\" viewbox=\"0 0 512 512\" aria-hidden=\"true\" focussable=\"false\"><path d=\"M464 64C490.5 64 512 85.49 512 112C512 127.1 504.9 141.3 492.8 150.4L275.2 313.6C263.8 322.1 248.2 322.1 236.8 313.6L19.2 150.4C7.113 141.3 0 127.1 0 112C0 85.49 21.49 64 48 64H464zM217.6 339.2C240.4 356.3 271.6 356.3 294.4 339.2L512 176V384C512 419.3 483.3 448 448 448H64C28.65 448 0 419.3 0 384V176L217.6 339.2z\"><\/path><\/svg><\/span><\/a><\/div><\/div>\n<\/div><\/div>\n<\/div><\/div>\n\t\t\t<div \n\t\t\tclass=\"wp-block-uagb-google-map uagb-google-map__wrap uagb-block-eaa77454     mapa\"\n\t\t\tstyle=\"\" >\n\t\t\t\t<embed\n\t\t\t\t\tclass=\"uagb-google-map__iframe\"\n\t\t\t\t\ttitle=\"Google Map for \"\n\t\t\t\t\tsrc=\"https:\/\/maps.google.com\/maps?q=varadero%20port%20bar%C3%A0&#038;z=15&#038;hl=es&#038;t=m&#038;output=embed&#038;iwloc=near\"\n\t\t\t\t\twidth=\"640\"\n\t\t\t\t\theight=\"300\"\n\t\t\t\t\tloading=\"lazy\"\n\t\t\t\t><\/embed>\n\t\t\t<\/div>\n\t\t\t","protected":false},"excerpt":{"rendered":"<p>Meter Grundpreis MEHRWERTSTEUER Gesamt (\u20ac) Bis zu 6 m 58,35 12,25 70,60 Bis zu 7 m 68,29 14,34 82,63 Bis zu 8 m 82,57 17,34 99,91 Bis zu 9 m 89,27 18,75 108,02 Bis zu 10 m 94,07 19,76 113,83 Bis zu 11 m 106,93 22,45 129,38 Bis zu 12 m 128,28 26,94 155,22 Bis [&hellip;]<\/p>\n","protected":false},"author":1,"featured_media":0,"parent":0,"menu_order":0,"comment_status":"closed","ping_status":"closed","template":"","meta":{"_uag_custom_page_level_css":"","footnotes":""},"class_list":["post-1164","page","type-page","status-publish","hentry"],"blocksy_meta":[],"uagb_featured_image_src":{"full":false,"thumbnail":false,"medium":false,"medium_large":false,"large":false,"1536x1536":false,"2048x2048":false},"uagb_author_info":{"display_name":"rubenfh","author_link":"https:\/\/varaderoportbara.com\/de\/author\/rubenfh\/"},"uagb_comment_info":0,"uagb_excerpt":"Meter Grundpreis MEHRWERTSTEUER Gesamt (\u20ac) Bis zu 6 m 58,35 12,25 70,60 Bis zu 7 m 68,29 14,34 82,63 Bis zu 8 m 82,57 17,34 99,91 Bis zu 9 m 89,27 18,75 108,02 Bis zu 10 m 94,07 19,76 113,83 Bis zu 11 m 106,93 22,45 129,38 Bis zu 12 m 128,28 26,94 155,22 Bis&hellip;","_links":{"self":[{"href":"https:\/\/varaderoportbara.com\/de\/wp-json\/wp\/v2\/pages\/1164","targetHints":{"allow":["GET"]}}],"collection":[{"href":"https:\/\/varaderoportbara.com\/de\/wp-json\/wp\/v2\/pages"}],"about":[{"href":"https:\/\/varaderoportbara.com\/de\/wp-json\/wp\/v2\/types\/page"}],"author":[{"embeddable":true,"href":"https:\/\/varaderoportbara.com\/de\/wp-json\/wp\/v2\/users\/1"}],"replies":[{"embeddable":true,"href":"https:\/\/varaderoportbara.com\/de\/wp-json\/wp\/v2\/comments?post=1164"}],"version-history":[{"count":6,"href":"https:\/\/varaderoportbara.com\/de\/wp-json\/wp\/v2\/pages\/1164\/revisions"}],"predecessor-version":[{"id":1985,"href":"https:\/\/varaderoportbara.com\/de\/wp-json\/wp\/v2\/pages\/1164\/revisions\/1985"}],"wp:attachment":[{"href":"https:\/\/varaderoportbara.com\/de\/wp-json\/wp\/v2\/media?parent=1164"}],"curies":[{"name":"wp","href":"https:\/\/api.w.org\/{rel}","templated":true}]}}