{"id":1180,"date":"2024-03-05T09:29:10","date_gmt":"2024-03-05T08:29:10","guid":{"rendered":"https:\/\/varaderoportbara.com\/unternehmen\/"},"modified":"2026-02-10T14:31:25","modified_gmt":"2026-02-10T13:31:25","slug":"unternehmen","status":"publish","type":"page","link":"https:\/\/varaderoportbara.com\/de\/unternehmen\/","title":{"rendered":"Unternehmen"},"content":{"rendered":"\n<div class=\"wp-block-cover alignfull\" style=\"padding-top:var(--wp--preset--spacing--50);padding-right:var(--wp--preset--spacing--70);padding-bottom:var(--wp--preset--spacing--50);padding-left:var(--wp--preset--spacing--70)\"><video class=\"wp-block-cover__video-background intrinsic-ignore\" autoplay muted loop playsinline src=\"https:\/\/blamark.com\/varadero\/wp-content\/uploads\/2024\/03\/production_id_4385165-1080p-Compressed-with-FlexClip-2-1.mp4\" data-object-fit=\"cover\"><\/video><span aria-hidden=\"true\" class=\"wp-block-cover__background has-palette-color-2-background-color has-background-dim-90 has-background-dim\"><\/span><div class=\"wp-block-cover__inner-container is-layout-constrained wp-container-core-cover-is-layout-06918552 wp-block-cover-is-layout-constrained\">\n<figure class=\"wp-block-image aligncenter size-medium is-resized\"><img loading=\"lazy\" decoding=\"async\" width=\"300\" height=\"187\" src=\"https:\/\/varaderoportbara.com\/wp-content\/uploads\/2024\/03\/logo-portbara-300x187.webp\" alt=\"\" class=\"wp-image-570\" style=\"width:204px;height:auto\" srcset=\"https:\/\/varaderoportbara.com\/wp-content\/uploads\/2024\/03\/logo-portbara-300x187.webp 300w, https:\/\/varaderoportbara.com\/wp-content\/uploads\/2024\/03\/logo-portbara-768x480.webp 768w, https:\/\/varaderoportbara.com\/wp-content\/uploads\/2024\/03\/logo-portbara.webp 853w\" sizes=\"auto, (max-width: 300px) 100vw, 300px\" \/><\/figure>\n\n\n\n<h2 class=\"wp-block-heading has-text-align-center has-palette-color-1-color has-text-color has-link-color has-medium-font-size wp-elements-4774d0c8246578d6b9052017769f8247\"><strong>Mit Varadero Port Bar\u00e0 verwandelt sich Ihre Leidenschaft f\u00fcr das Meer in ein unvergleichliches Serviceerlebnis.  <\/strong><\/h2>\n\n\n\n<p class=\"has-text-align-center has-medium-font-size\"><strong>Genie\u00dfen Sie die Gewissheit, dass Ihr Boot in den H\u00e4nden der besten Fachleute des nautischen Sektors in Katalonien ist.<\/strong><\/p>\n\n\n\n<div class=\"wp-block-uagb-buttons uagb-buttons__outer-wrap uagb-btn__default-btn uagb-btn-tablet__default-btn uagb-btn-mobile__default-btn uagb-block-958d1b04\"><div class=\"uagb-buttons__wrap uagb-buttons-layout-wrap \">\n<div class=\"wp-block-uagb-buttons-child uagb-buttons__outer-wrap uagb-block-fd6e98c6 wp-block-button\"><div class=\"uagb-button__wrapper\"><a class=\"uagb-buttons-repeater wp-block-button__link\" aria-label=\"\" href=\"tel:34645863466\" rel=\"nofollow noopener\" target=\"_self\" role=\"button\"><div class=\"uagb-button__link\">RUFEN SIE UNS AN<\/div><span class=\"uagb-button__icon uagb-button__icon-position-after\"><svg xmlns=\"https:\/\/www.w3.org\/2000\/svg\" viewbox=\"0 0 448 512\" aria-hidden=\"true\" focussable=\"false\"><path d=\"M384 32H64C28.65 32 0 60.65 0 96v320c0 35.35 28.65 64 64 64h320c35.35 0 64-28.65 64-64V96C448 60.65 419.3 32 384 32zM351.6 321.5l-11.62 50.39c-1.633 7.125-7.9 12.11-15.24 12.11c-126.1 0-228.7-102.6-228.7-228.8c0-7.328 4.984-13.59 12.11-15.22l50.38-11.63c7.344-1.703 14.88 2.109 17.93 9.062l23.27 54.28c2.719 6.391 .8828 13.83-4.492 18.22L168.3 232c16.99 34.61 45.14 62.75 79.77 79.75l22.02-26.91c4.344-5.391 11.85-7.25 18.24-4.484l54.24 23.25C349.5 306.6 353.3 314.2 351.6 321.5z\"><\/path><\/svg><\/span><\/a><\/div><\/div>\n\n\n\n<div class=\"wp-block-uagb-buttons-child uagb-buttons__outer-wrap uagb-block-daddfb22 wp-block-button\"><div class=\"uagb-button__wrapper\"><a class=\"uagb-buttons-repeater wp-block-button__link\" aria-label=\"\" href=\"mailto:info@varaderoportbara.com\" rel=\"follow noopener\" target=\"_self\" role=\"button\"><div class=\"uagb-button__link\">SCHREIBEN SIE AN UNS<\/div><span class=\"uagb-button__icon uagb-button__icon-position-after\"><svg xmlns=\"https:\/\/www.w3.org\/2000\/svg\" viewbox=\"0 0 512 512\" aria-hidden=\"true\" focussable=\"false\"><path d=\"M464 64C490.5 64 512 85.49 512 112C512 127.1 504.9 141.3 492.8 150.4L275.2 313.6C263.8 322.1 248.2 322.1 236.8 313.6L19.2 150.4C7.113 141.3 0 127.1 0 112C0 85.49 21.49 64 48 64H464zM217.6 339.2C240.4 356.3 271.6 356.3 294.4 339.2L512 176V384C512 419.3 483.3 448 448 448H64C28.65 448 0 419.3 0 384V176L217.6 339.2z\"><\/path><\/svg><\/span><\/a><\/div><\/div>\n<\/div><\/div>\n<\/div><\/div>\n\n<div class=\"wp-block-uagb-container uagb-block-d06a58c0 alignfull uagb-is-root-container\"><div class=\"uagb-container-inner-blocks-wrap\">\n<div class=\"wp-block-uagb-container uagb-block-2c927ea3\">\n<figure class=\"wp-block-image size-full\"><img loading=\"lazy\" decoding=\"async\" width=\"1024\" height=\"768\" src=\"https:\/\/blamark.com\/varadero\/wp-content\/uploads\/2024\/03\/fotoexterior.jpeg\" alt=\"\" class=\"wp-image-677\" srcset=\"https:\/\/varaderoportbara.com\/wp-content\/uploads\/2024\/03\/fotoexterior.jpeg 1024w, https:\/\/varaderoportbara.com\/wp-content\/uploads\/2024\/03\/fotoexterior-300x225.jpeg 300w, https:\/\/varaderoportbara.com\/wp-content\/uploads\/2024\/03\/fotoexterior-768x576.jpeg 768w\" sizes=\"auto, (max-width: 1024px) 100vw, 1024px\" \/><\/figure>\n<\/div>\n\n\n\n<div class=\"wp-block-uagb-container uagb-block-605be617\">\n<h2 class=\"wp-block-heading\">Unsere Geschichte<\/h2>\n\n\n\n<hr class=\"wp-block-separator has-alpha-channel-opacity is-style-wide\" style=\"margin-top:var(--wp--preset--spacing--40);margin-bottom:var(--wp--preset--spacing--40)\"\/>\n\n\n\n<p>Im Herzen des Yachthafens Roda de Bar\u00e0 liegt Varadero Port Bar\u00e0, ein Ort f\u00fcr Boote und Segler, die einen au\u00dfergew\u00f6hnlichen Service in einer unvergleichlichen Umgebung suchen. Mit einer soliden Erfolgsbilanz und einer jahrzehntelangen Leidenschaft sind wir mit der nautischen Gemeinschaft Kataloniens gewachsen und haben unsere Position als Referenzwerft sowohl f\u00fcr die lokale Gemeinschaft als auch f\u00fcr internationale Segler gefestigt.<\/p>\n<\/div>\n<\/div><\/div>\n\n<div class=\"wp-block-uagb-container uagb-block-2dacdca2 alignfull uagb-is-root-container\"><div class=\"uagb-container-inner-blocks-wrap\">\n<div class=\"wp-block-uagb-container uagb-block-5c97b85f\">\n<figure class=\"wp-block-image size-full\"><img loading=\"lazy\" decoding=\"async\" width=\"1440\" height=\"1080\" src=\"https:\/\/blamark.com\/varadero\/wp-content\/uploads\/2024\/03\/83804622_131971834968689_4378977174137339904_n.jpg\" alt=\"\" class=\"wp-image-680\" srcset=\"https:\/\/varaderoportbara.com\/wp-content\/uploads\/2024\/03\/83804622_131971834968689_4378977174137339904_n.jpg 1440w, https:\/\/varaderoportbara.com\/wp-content\/uploads\/2024\/03\/83804622_131971834968689_4378977174137339904_n-300x225.jpg 300w, https:\/\/varaderoportbara.com\/wp-content\/uploads\/2024\/03\/83804622_131971834968689_4378977174137339904_n-1024x768.jpg 1024w, https:\/\/varaderoportbara.com\/wp-content\/uploads\/2024\/03\/83804622_131971834968689_4378977174137339904_n-768x576.jpg 768w\" sizes=\"auto, (max-width: 1440px) 100vw, 1440px\" \/><\/figure>\n<\/div>\n\n\n\n<div class=\"wp-block-uagb-container uagb-block-dc29de15\">\n<h2 class=\"wp-block-heading\">Mission &amp; Vision<\/h2>\n\n\n\n<hr class=\"wp-block-separator has-alpha-channel-opacity is-style-wide\" style=\"margin-top:var(--wp--preset--spacing--40);margin-bottom:var(--wp--preset--spacing--40)\"\/>\n\n\n\n<p>Unser Ziel ist es, eine umfassende Bootspflege anzubieten, die modernste Wartungstechniken mit einem engen, pers\u00f6nlichen Kundenservice verbindet. Bei Varadero Port Bar\u00e0 wird jedes Boot so behandelt, als w\u00e4re es unser eigenes. Wir widmen ihm gro\u00dfe Aufmerksamkeit und streben nach Spitzenleistungen, die uns zu einer f\u00fchrenden Position in der Branche verhelfen. Wir wollen mehr sein als eine Bootswerft; unser Ziel ist es, ein Partner auf der Segelreise eines jeden Kunden zu sein.<\/p>\n<\/div>\n<\/div><\/div>\n\n<div class=\"wp-block-uagb-container uagb-block-76e82f68 alignfull uagb-is-root-container\"><div class=\"uagb-container-inner-blocks-wrap\">\n<div class=\"wp-block-uagb-container uagb-block-8aa59c5e\">\n<figure class=\"wp-block-image size-full\"><img loading=\"lazy\" decoding=\"async\" width=\"1440\" height=\"808\" src=\"https:\/\/blamark.com\/varadero\/wp-content\/uploads\/2024\/03\/300405479_516778463783005_4799045914249172670_n.jpg\" alt=\"\" class=\"wp-image-682\" srcset=\"https:\/\/varaderoportbara.com\/wp-content\/uploads\/2024\/03\/300405479_516778463783005_4799045914249172670_n.jpg 1440w, https:\/\/varaderoportbara.com\/wp-content\/uploads\/2024\/03\/300405479_516778463783005_4799045914249172670_n-300x168.jpg 300w, https:\/\/varaderoportbara.com\/wp-content\/uploads\/2024\/03\/300405479_516778463783005_4799045914249172670_n-1024x575.jpg 1024w, https:\/\/varaderoportbara.com\/wp-content\/uploads\/2024\/03\/300405479_516778463783005_4799045914249172670_n-768x431.jpg 768w\" sizes=\"auto, (max-width: 1440px) 100vw, 1440px\" \/><\/figure>\n<\/div>\n\n\n\n<div class=\"wp-block-uagb-container uagb-block-eb3168b2\">\n<h2 class=\"wp-block-heading\">Engagement f\u00fcr Qualit\u00e4t<\/h2>\n\n\n\n<hr class=\"wp-block-separator has-alpha-channel-opacity is-style-wide\" style=\"margin-top:var(--wp--preset--spacing--40);margin-bottom:var(--wp--preset--spacing--40)\"\/>\n\n\n\n<p>Bei Varadero Port Bar\u00e0 sind wir stolz auf unsere Handwerkskunst und Pr\u00e4zision. Wir verwenden ausschlie\u00dflich erstklassige Antifouling-Produkte der Marke INTERNATIONAL, um ein hervorragendes Finish und einen lang anhaltenden Schutz zu gew\u00e4hrleisten. Unsere Einrichtungen sind mit der neuesten Technologie ausgestattet, und unsere Mitarbeiter bilden sich st\u00e4ndig weiter, um die neuesten Techniken und besten Praktiken in der Branche zu erlernen.<\/p>\n<\/div>\n<\/div><\/div>\n\n<div class=\"wp-block-uagb-container uagb-block-736beb35 alignfull uagb-is-root-container\"><div class=\"uagb-container-inner-blocks-wrap\">\n<div class=\"wp-block-uagb-container uagb-block-6e336157\">\n<figure class=\"wp-block-image size-full\"><img loading=\"lazy\" decoding=\"async\" width=\"1440\" height=\"1440\" src=\"https:\/\/blamark.com\/varadero\/wp-content\/uploads\/2024\/03\/100609367_165395714959634_2551366609985863680_n.jpg\" alt=\"\" class=\"wp-image-685\" srcset=\"https:\/\/varaderoportbara.com\/wp-content\/uploads\/2024\/03\/100609367_165395714959634_2551366609985863680_n.jpg 1440w, https:\/\/varaderoportbara.com\/wp-content\/uploads\/2024\/03\/100609367_165395714959634_2551366609985863680_n-300x300.jpg 300w, https:\/\/varaderoportbara.com\/wp-content\/uploads\/2024\/03\/100609367_165395714959634_2551366609985863680_n-1024x1024.jpg 1024w, https:\/\/varaderoportbara.com\/wp-content\/uploads\/2024\/03\/100609367_165395714959634_2551366609985863680_n-150x150.jpg 150w, https:\/\/varaderoportbara.com\/wp-content\/uploads\/2024\/03\/100609367_165395714959634_2551366609985863680_n-768x768.jpg 768w\" sizes=\"auto, (max-width: 1440px) 100vw, 1440px\" \/><\/figure>\n<\/div>\n\n\n\n<div class=\"wp-block-uagb-container uagb-block-7a9c3cf2\">\n<h2 class=\"wp-block-heading\">Personalisierte Dienstleistungen<\/h2>\n\n\n\n<hr class=\"wp-block-separator has-alpha-channel-opacity is-style-wide\" style=\"margin-top:var(--wp--preset--spacing--40);margin-bottom:var(--wp--preset--spacing--40)\"\/>\n\n\n\n<p>Wir wissen, dass jedes Schiff seine eigenen Besonderheiten hat. Deshalb bieten wir eine Reihe von Dienstleistungen an, die von den grundlegendsten Bed\u00fcrfnissen bis hin zu den komplexesten Anforderungen alles abdecken. Ob Sie nun routinem\u00e4\u00dfige Wartung, spezielle Reparaturen oder technische Beratung ben\u00f6tigen, unser Team ist bereit, Ihnen effektive und effiziente L\u00f6sungen zu bieten.<\/p>\n<\/div>\n<\/div><\/div>\n\n<div class=\"wp-block-uagb-container uagb-block-d74b3125 alignfull uagb-is-root-container\"><div class=\"uagb-container-inner-blocks-wrap\">\n<div class=\"wp-block-uagb-container uagb-block-c6f9dc8b\">\n<figure class=\"wp-block-image size-full\"><img loading=\"lazy\" decoding=\"async\" width=\"1440\" height=\"1440\" src=\"https:\/\/blamark.com\/varadero\/wp-content\/uploads\/2024\/03\/84513533_131694648329741_451845089413562368_n.jpg\" alt=\"\" class=\"wp-image-688\" srcset=\"https:\/\/varaderoportbara.com\/wp-content\/uploads\/2024\/03\/84513533_131694648329741_451845089413562368_n.jpg 1440w, https:\/\/varaderoportbara.com\/wp-content\/uploads\/2024\/03\/84513533_131694648329741_451845089413562368_n-300x300.jpg 300w, https:\/\/varaderoportbara.com\/wp-content\/uploads\/2024\/03\/84513533_131694648329741_451845089413562368_n-1024x1024.jpg 1024w, https:\/\/varaderoportbara.com\/wp-content\/uploads\/2024\/03\/84513533_131694648329741_451845089413562368_n-150x150.jpg 150w, https:\/\/varaderoportbara.com\/wp-content\/uploads\/2024\/03\/84513533_131694648329741_451845089413562368_n-768x768.jpg 768w\" sizes=\"auto, (max-width: 1440px) 100vw, 1440px\" \/><\/figure>\n<\/div>\n\n\n\n<div class=\"wp-block-uagb-container uagb-block-2d7bcafd\">\n<h2 class=\"wp-block-heading\">Nachhaltigkeit &amp; Umwelt<\/h2>\n\n\n\n<hr class=\"wp-block-separator has-alpha-channel-opacity is-style-wide\" style=\"margin-top:var(--wp--preset--spacing--40);margin-bottom:var(--wp--preset--spacing--40)\"\/>\n\n\n\n<p>Wir von Varadero Port Bar\u00e0 sind stolz darauf, dass wir unsere Arbeit gut gemacht haben. Wir verwenden nur hochwertige Produkte, um ein hervorragendes Finish und lang anhaltenden Schutz zu gew\u00e4hrleisten. Unsere Einrichtungen sind mit der neuesten Technologie ausgestattet, und unsere Mitarbeiter bilden sich st\u00e4ndig weiter, um die neuesten Techniken und besten Praktiken in der Branche zu erlernen.<\/p>\n<\/div>\n<\/div><\/div>\n\n<div class=\"wp-block-uagb-container uagb-block-8bca1f0f alignfull uagb-is-root-container\"><div class=\"uagb-container__video-wrap\"><video autoplay loop muted playsinline><source src=\"https:\/\/blamark.com\/varadero\/wp-content\/uploads\/2024\/03\/pexels-rostislav-uzunov-7385122-2160p-Compressed-with-FlexClip-Compressed-with-FlexClip.mp4\" type=\"video\/mp4\"\/><\/video><\/div><div class=\"uagb-container-inner-blocks-wrap\">\n<div class=\"wp-block-uagb-container uagb-block-549baa82\">\n<h2 class=\"wp-block-heading has-palette-color-1-color has-text-color has-link-color wp-elements-acbd2b9067fff2f2a0d982815f14dd3d\">Unser Team<\/h2>\n\n\n\n<hr class=\"wp-block-separator has-alpha-channel-opacity is-style-wide\" style=\"margin-top:var(--wp--preset--spacing--40);margin-bottom:var(--wp--preset--spacing--40)\"\/>\n\n\n\n<div class=\"wp-block-group is-vertical is-layout-flex wp-container-core-group-is-layout-fe9cc265 wp-block-group-is-layout-flex\">\n<p class=\"has-palette-color-6-color has-text-color has-link-color wp-elements-d21624dbae67b0faa813916c30e17d63\">Das Team von Varadero Port Bar\u00e0 ist das Herzst\u00fcck unseres Unternehmens. Mit hochqualifizierten Fachleuten und einem Kundenservice, der Ihre Erwartungen \u00fcbertrifft, sorgen wir daf\u00fcr, dass jede Interaktion positiv, effizient und unvergesslich ist.<\/p>\n\n\n\n<p class=\"has-palette-color-6-color has-text-color has-link-color wp-elements-d0611f03f4eb5401364c723b70c822d6\">In Varadero Port Bar\u00e0 ist jeder Tag eine neue Gelegenheit, unsere Liebe zum Meer und unser Engagement f\u00fcr diejenigen zu zeigen, die diese Leidenschaft teilen. Wir sind hier, um sicherzustellen, dass Ihr Bootserlebnis sicher, angenehm und un\u00fcbertroffen ist.<\/p>\n\n\n\n<div class=\"wp-block-uagb-buttons uagb-buttons__outer-wrap uagb-btn__default-btn uagb-btn-tablet__default-btn uagb-btn-mobile__default-btn uagb-block-8138dab3\"><div class=\"uagb-buttons__wrap uagb-buttons-layout-wrap \">\n<div class=\"wp-block-uagb-buttons-child uagb-buttons__outer-wrap uagb-block-d671d91a wp-block-button\"><div class=\"uagb-button__wrapper\"><a class=\"uagb-buttons-repeater wp-block-button__link\" aria-label=\"\" href=\"tel:34645863466\" rel=\"nofollow noopener\" target=\"_self\" role=\"button\"><div class=\"uagb-button__link\">RUFEN SIE UNS AN<\/div><span class=\"uagb-button__icon uagb-button__icon-position-after\"><svg xmlns=\"https:\/\/www.w3.org\/2000\/svg\" viewbox=\"0 0 448 512\" aria-hidden=\"true\" focussable=\"false\"><path d=\"M384 32H64C28.65 32 0 60.65 0 96v320c0 35.35 28.65 64 64 64h320c35.35 0 64-28.65 64-64V96C448 60.65 419.3 32 384 32zM351.6 321.5l-11.62 50.39c-1.633 7.125-7.9 12.11-15.24 12.11c-126.1 0-228.7-102.6-228.7-228.8c0-7.328 4.984-13.59 12.11-15.22l50.38-11.63c7.344-1.703 14.88 2.109 17.93 9.062l23.27 54.28c2.719 6.391 .8828 13.83-4.492 18.22L168.3 232c16.99 34.61 45.14 62.75 79.77 79.75l22.02-26.91c4.344-5.391 11.85-7.25 18.24-4.484l54.24 23.25C349.5 306.6 353.3 314.2 351.6 321.5z\"><\/path><\/svg><\/span><\/a><\/div><\/div>\n\n\n\n<div class=\"wp-block-uagb-buttons-child uagb-buttons__outer-wrap uagb-block-4d1f9ce2 wp-block-button\"><div class=\"uagb-button__wrapper\"><a class=\"uagb-buttons-repeater wp-block-button__link\" aria-label=\"\" href=\"mailto:info@varaderoportbara.com\" rel=\"follow noopener\" target=\"_self\" role=\"button\"><div class=\"uagb-button__link\">SCHREIBEN SIE AN UNS<\/div><span class=\"uagb-button__icon uagb-button__icon-position-after\"><svg xmlns=\"https:\/\/www.w3.org\/2000\/svg\" viewbox=\"0 0 512 512\" aria-hidden=\"true\" focussable=\"false\"><path d=\"M464 64C490.5 64 512 85.49 512 112C512 127.1 504.9 141.3 492.8 150.4L275.2 313.6C263.8 322.1 248.2 322.1 236.8 313.6L19.2 150.4C7.113 141.3 0 127.1 0 112C0 85.49 21.49 64 48 64H464zM217.6 339.2C240.4 356.3 271.6 356.3 294.4 339.2L512 176V384C512 419.3 483.3 448 448 448H64C28.65 448 0 419.3 0 384V176L217.6 339.2z\"><\/path><\/svg><\/span><\/a><\/div><\/div>\n<\/div><\/div>\n<\/div>\n<\/div>\n<\/div><\/div>\n\n<div class=\"wp-block-cover alignfull\"><span aria-hidden=\"true\" class=\"wp-block-cover__background has-palette-color-2-background-color has-background-dim-100 has-background-dim\"><\/span><div class=\"wp-block-cover__inner-container is-layout-constrained wp-block-cover-is-layout-constrained\">\n<h2 class=\"wp-block-heading has-text-align-center has-palette-color-1-color has-text-color has-link-color wp-elements-8066a50d46dae34e5dfae86120662080\">Kontakt Varadero Hafen Bar\u00e0<\/h2>\n\n\n\n<p class=\"has-text-align-center has-medium-font-size\">F\u00fcr pers\u00f6nliche Dienstleistungen und Anfragen z\u00f6gern Sie bitte nicht, uns unter <a>info@varaderoportbara.com<\/a> zu kontaktieren oder uns unter <a href=\"tel:977800866\">977800866 anzurufen .<\/a> Wir sind auch unter den folgenden Telefonnummern erreichbar: Marc: <a href=\"tel:34645863466\">645863466<\/a> und Juanjo: <a href=\"tel:664299494\">664299494.<\/a><\/p>\n\n\n\n<p class=\"has-text-align-center has-medium-font-size\"><strong>STUNDEN: <\/strong>Montag bis Freitag von 8:00 bis 17:00 Uhr und samstags von 8:00 bis 12:00 Uhr.<\/p>\n\n\n\n<div class=\"wp-block-uagb-buttons uagb-buttons__outer-wrap uagb-btn__default-btn uagb-btn-tablet__default-btn uagb-btn-mobile__default-btn uagb-block-2139e607\"><div class=\"uagb-buttons__wrap uagb-buttons-layout-wrap \">\n<div class=\"wp-block-uagb-buttons-child uagb-buttons__outer-wrap uagb-block-266ffa89 wp-block-button\"><div class=\"uagb-button__wrapper\"><a class=\"uagb-buttons-repeater wp-block-button__link\" aria-label=\"\" href=\"tel:34977800866\" rel=\"nofollow noopener\" target=\"_self\" role=\"button\"><div class=\"uagb-button__link\">RUFEN SIE UNS AN<\/div><span class=\"uagb-button__icon uagb-button__icon-position-after\"><svg xmlns=\"https:\/\/www.w3.org\/2000\/svg\" viewbox=\"0 0 448 512\" aria-hidden=\"true\" focussable=\"false\"><path d=\"M384 32H64C28.65 32 0 60.65 0 96v320c0 35.35 28.65 64 64 64h320c35.35 0 64-28.65 64-64V96C448 60.65 419.3 32 384 32zM351.6 321.5l-11.62 50.39c-1.633 7.125-7.9 12.11-15.24 12.11c-126.1 0-228.7-102.6-228.7-228.8c0-7.328 4.984-13.59 12.11-15.22l50.38-11.63c7.344-1.703 14.88 2.109 17.93 9.062l23.27 54.28c2.719 6.391 .8828 13.83-4.492 18.22L168.3 232c16.99 34.61 45.14 62.75 79.77 79.75l22.02-26.91c4.344-5.391 11.85-7.25 18.24-4.484l54.24 23.25C349.5 306.6 353.3 314.2 351.6 321.5z\"><\/path><\/svg><\/span><\/a><\/div><\/div>\n\n\n\n<div class=\"wp-block-uagb-buttons-child uagb-buttons__outer-wrap uagb-block-3dbf6540 wp-block-button\"><div class=\"uagb-button__wrapper\"><a class=\"uagb-buttons-repeater wp-block-button__link\" aria-label=\"\" href=\"mailto:info@varaderoportbara.com\" rel=\"follow noopener\" target=\"_self\" role=\"button\"><div class=\"uagb-button__link\">SCHREIBEN SIE AN UNS<\/div><span class=\"uagb-button__icon uagb-button__icon-position-after\"><svg xmlns=\"https:\/\/www.w3.org\/2000\/svg\" viewbox=\"0 0 512 512\" aria-hidden=\"true\" focussable=\"false\"><path d=\"M464 64C490.5 64 512 85.49 512 112C512 127.1 504.9 141.3 492.8 150.4L275.2 313.6C263.8 322.1 248.2 322.1 236.8 313.6L19.2 150.4C7.113 141.3 0 127.1 0 112C0 85.49 21.49 64 48 64H464zM217.6 339.2C240.4 356.3 271.6 356.3 294.4 339.2L512 176V384C512 419.3 483.3 448 448 448H64C28.65 448 0 419.3 0 384V176L217.6 339.2z\"><\/path><\/svg><\/span><\/a><\/div><\/div>\n<\/div><\/div>\n<\/div><\/div>\n\t\t\t<div \n\t\t\tclass=\"wp-block-uagb-google-map uagb-google-map__wrap uagb-block-eaa77454     mapa\"\n\t\t\tstyle=\"\" >\n\t\t\t\t<embed\n\t\t\t\t\tclass=\"uagb-google-map__iframe\"\n\t\t\t\t\ttitle=\"Google Map for \"\n\t\t\t\t\tsrc=\"https:\/\/maps.google.com\/maps?q=varadero%20port%20bar%C3%A0&#038;z=15&#038;hl=es&#038;t=m&#038;output=embed&#038;iwloc=near\"\n\t\t\t\t\twidth=\"640\"\n\t\t\t\t\theight=\"300\"\n\t\t\t\t\tloading=\"lazy\"\n\t\t\t\t><\/embed>\n\t\t\t<\/div>\n\t\t\t","protected":false},"excerpt":{"rendered":"<p>Unsere Geschichte Im Herzen des Yachthafens Roda de Bar\u00e0 liegt Varadero Port Bar\u00e0, ein Ort f\u00fcr Boote und Segler, die einen au\u00dfergew\u00f6hnlichen Service in einer unvergleichlichen Umgebung suchen. Mit einer soliden Erfolgsbilanz und einer jahrzehntelangen Leidenschaft sind wir mit der nautischen Gemeinschaft Kataloniens gewachsen und haben unsere Position als Referenzwerft sowohl f\u00fcr die lokale Gemeinschaft [&hellip;]<\/p>\n","protected":false},"author":1,"featured_media":0,"parent":0,"menu_order":0,"comment_status":"closed","ping_status":"closed","template":"","meta":{"_uag_custom_page_level_css":"","footnotes":""},"class_list":["post-1180","page","type-page","status-publish","hentry"],"blocksy_meta":[],"uagb_featured_image_src":{"full":false,"thumbnail":false,"medium":false,"medium_large":false,"large":false,"1536x1536":false,"2048x2048":false},"uagb_author_info":{"display_name":"rubenfh","author_link":"https:\/\/varaderoportbara.com\/de\/author\/rubenfh\/"},"uagb_comment_info":0,"uagb_excerpt":"Unsere Geschichte Im Herzen des Yachthafens Roda de Bar\u00e0 liegt Varadero Port Bar\u00e0, ein Ort f\u00fcr Boote und Segler, die einen au\u00dfergew\u00f6hnlichen Service in einer unvergleichlichen Umgebung suchen. Mit einer soliden Erfolgsbilanz und einer jahrzehntelangen Leidenschaft sind wir mit der nautischen Gemeinschaft Kataloniens gewachsen und haben unsere Position als Referenzwerft sowohl f\u00fcr die lokale Gemeinschaft&hellip;","_links":{"self":[{"href":"https:\/\/varaderoportbara.com\/de\/wp-json\/wp\/v2\/pages\/1180","targetHints":{"allow":["GET"]}}],"collection":[{"href":"https:\/\/varaderoportbara.com\/de\/wp-json\/wp\/v2\/pages"}],"about":[{"href":"https:\/\/varaderoportbara.com\/de\/wp-json\/wp\/v2\/types\/page"}],"author":[{"embeddable":true,"href":"https:\/\/varaderoportbara.com\/de\/wp-json\/wp\/v2\/users\/1"}],"replies":[{"embeddable":true,"href":"https:\/\/varaderoportbara.com\/de\/wp-json\/wp\/v2\/comments?post=1180"}],"version-history":[{"count":2,"href":"https:\/\/varaderoportbara.com\/de\/wp-json\/wp\/v2\/pages\/1180\/revisions"}],"predecessor-version":[{"id":1969,"href":"https:\/\/varaderoportbara.com\/de\/wp-json\/wp\/v2\/pages\/1180\/revisions\/1969"}],"wp:attachment":[{"href":"https:\/\/varaderoportbara.com\/de\/wp-json\/wp\/v2\/media?parent=1180"}],"curies":[{"name":"wp","href":"https:\/\/api.w.org\/{rel}","templated":true}]}}