{"id":1119,"date":"2024-03-09T12:16:04","date_gmt":"2024-03-09T11:16:04","guid":{"rendered":"https:\/\/varaderoportbara.com\/avis-juridique\/"},"modified":"2024-06-08T12:11:39","modified_gmt":"2024-06-08T10:11:39","slug":"avis-juridique","status":"publish","type":"page","link":"https:\/\/varaderoportbara.com\/fr\/avis-juridique\/","title":{"rendered":"Avis juridique"},"content":{"rendered":"\n<h2 class=\"wp-block-heading\">Avis juridique<\/h2>\n\n<p><strong>Identification du titulaire<\/strong><\/p>\n\n<ul class=\"wp-block-list\">\n<li><strong>Nom de l&rsquo;entreprise :<\/strong> Varadero Port Bara Sociedad Limitada<\/li>\n\n\n\n<li><strong>NUM\u00c9RO DE TVA :<\/strong> B55608921<\/li>\n\n\n\n<li><strong>Adresse :<\/strong> Paseo Maritim (Zona Costera), S\/N, Roda De Bera, 43883, Tarragona<\/li>\n\n\n\n<li><strong>Contact :<\/strong> [email protected]<\/li>\n\n\n\n<li><strong>T\u00e9l\u00e9phone :<\/strong> 645 86 34 66<\/li>\n<\/ul>\n\n<p><strong>2. Objet et champ d&rsquo;application<\/strong><\/p>\n\n<p>Les pr\u00e9sentes mentions l\u00e9gales r\u00e9gissent l&rsquo;acc\u00e8s, la navigation et l&rsquo;utilisation du site web <a target=\"_blank\" rel=\"noreferrer noopener\" href=\"https:\/\/varaderoportbara.com\/fr\/\">https:\/\/varaderoportbara.com\/<\/a> (ci-apr\u00e8s, le \u00ab\u00a0site web\u00a0\u00bb).<\/p>\n\n<p>L&rsquo;acc\u00e8s et la navigation sur le site Web impliquent l&rsquo;acceptation sans r\u00e9serve du pr\u00e9sent avis juridique.<\/p>\n\n<p><strong>3. Propri\u00e9t\u00e9 intellectuelle et industrielle<\/strong><\/p>\n\n<p>Tous les contenus du site Web, y compris, mais sans s&rsquo;y limiter, les textes, les images, les photographies, les logos, les marques et les dessins, sont prot\u00e9g\u00e9s par des droits de propri\u00e9t\u00e9 intellectuelle et industrielle.<\/p>\n\n<p>L&rsquo;utilisateur reconna\u00eet que la propri\u00e9t\u00e9 intellectuelle et industrielle du site Web et de ses contenus appartient \u00e0 Varadero Port Bara ou \u00e0 des tiers.<\/p>\n\n<p>L&rsquo;utilisateur ne doit pas utiliser le site Web ou ses contenus d&rsquo;une mani\u00e8re qui porte atteinte aux droits de propri\u00e9t\u00e9 intellectuelle et industrielle de Varadero Port Bara ou de tiers.<\/p>\n\n<p><strong>4. Responsabilit\u00e9s<\/strong><\/p>\n\n<p>Varadero Port Bara n&rsquo;est pas responsable des dommages qui pourraient d\u00e9couler de l&rsquo;acc\u00e8s, de la navigation et de l&rsquo;utilisation du site Web, y compris, mais sans s&rsquo;y limiter, les dommages caus\u00e9s par les raisons suivantes :<\/p>\n\n<ul class=\"wp-block-list\">\n<li>la pr\u00e9sence de virus ou de logiciels malveillants sur le site web.<\/li>\n\n\n\n<li>Utilisation abusive du site web par l&rsquo;utilisateur.<\/li>\n\n\n\n<li>Erreurs ou omissions dans le contenu du site web.<\/li>\n\n\n\n<li>Interruption du service du site web.<\/li>\n<\/ul>\n\n<p>Varadero Port Bara n&rsquo;est pas responsable des dommages pouvant r\u00e9sulter de l&rsquo;utilisation de l&rsquo;information contenue dans le site Web.<\/p>\n\n<p><strong>5. Liens<\/strong><\/p>\n\n<p>Le site web peut contenir des liens vers d&rsquo;autres sites web. Varadero Port Bara n&rsquo;est pas responsable des contenus, produits ou services fournis sur les sites web li\u00e9s.<\/p>\n\n<p><strong>6. L\u00e9gislation et juridiction<\/strong><\/p>\n\n<p>Le pr\u00e9sent avis juridique est r\u00e9gi par le droit espagnol.<\/p>\n\n<p>Pour la r\u00e9solution de tout litige pouvant d\u00e9couler de l&rsquo;acc\u00e8s, de la navigation et de l&rsquo;utilisation du site web, les parties se soumettent \u00e0 la juridiction des cours et tribunaux de Tarragone.<\/p>\n\n<p><strong>7. Politique en mati\u00e8re de cookies<\/strong><\/p>\n\n<p>Ce site web utilise des cookies pour am\u00e9liorer l&rsquo;exp\u00e9rience de l&rsquo;utilisateur. Vous trouverez de plus amples informations sur notre politique en mati\u00e8re de cookies en cliquant sur le lien suivant : [enlace a la Pol\u00edtica de cookies].<\/p>\n\n<p><strong>8. Modification de l&rsquo;avis juridique<\/strong><\/p>\n\n<p>Varadero Port Bara se r\u00e9serve le droit de modifier cet avis juridique \u00e0 tout moment. La nouvelle politique de confidentialit\u00e9 sera publi\u00e9e sur ce site web.<\/p>\n\n<p><strong>9. Acceptation de l&rsquo;avis juridique<\/strong><\/p>\n\n<p>L&rsquo;utilisation de ce site web implique l&rsquo;acceptation du pr\u00e9sent avis juridique.<\/p>\n\n<p><strong>10. Contact<\/strong><\/p>\n\n<p>Si vous avez des questions ou des doutes concernant cet Avis L\u00e9gal, vous pouvez contacter Varadero Port Bara \u00e0 l&rsquo;adresse indiqu\u00e9e au point 1 ou en envoyant un courrier \u00e9lectronique \u00e0 info@varaderoportbara.com.<\/p>\n","protected":false},"excerpt":{"rendered":"<p>Avis juridique Identification du titulaire 2. Objet et champ d&rsquo;application Les pr\u00e9sentes mentions l\u00e9gales r\u00e9gissent l&rsquo;acc\u00e8s, la navigation et l&rsquo;utilisation du site web https:\/\/varaderoportbara.com\/ (ci-apr\u00e8s, le \u00ab\u00a0site web\u00a0\u00bb). L&rsquo;acc\u00e8s et la navigation sur le site Web impliquent l&rsquo;acceptation sans r\u00e9serve du pr\u00e9sent avis juridique. 3. Propri\u00e9t\u00e9 intellectuelle et industrielle Tous les contenus du site Web, [&hellip;]<\/p>\n","protected":false},"author":1,"featured_media":0,"parent":0,"menu_order":0,"comment_status":"closed","ping_status":"closed","template":"","meta":{"_uag_custom_page_level_css":"","footnotes":""},"class_list":["post-1119","page","type-page","status-publish","hentry"],"blocksy_meta":[],"uagb_featured_image_src":{"full":false,"thumbnail":false,"medium":false,"medium_large":false,"large":false,"1536x1536":false,"2048x2048":false},"uagb_author_info":{"display_name":"rubenfh","author_link":"https:\/\/varaderoportbara.com\/fr\/author\/rubenfh\/"},"uagb_comment_info":0,"uagb_excerpt":"Avis juridique Identification du titulaire 2. Objet et champ d&rsquo;application Les pr\u00e9sentes mentions l\u00e9gales r\u00e9gissent l&rsquo;acc\u00e8s, la navigation et l&rsquo;utilisation du site web https:\/\/varaderoportbara.com\/ (ci-apr\u00e8s, le \u00ab\u00a0site web\u00a0\u00bb). L&rsquo;acc\u00e8s et la navigation sur le site Web impliquent l&rsquo;acceptation sans r\u00e9serve du pr\u00e9sent avis juridique. 3. Propri\u00e9t\u00e9 intellectuelle et industrielle Tous les contenus du site Web,\u2026","_links":{"self":[{"href":"https:\/\/varaderoportbara.com\/fr\/wp-json\/wp\/v2\/pages\/1119","targetHints":{"allow":["GET"]}}],"collection":[{"href":"https:\/\/varaderoportbara.com\/fr\/wp-json\/wp\/v2\/pages"}],"about":[{"href":"https:\/\/varaderoportbara.com\/fr\/wp-json\/wp\/v2\/types\/page"}],"author":[{"embeddable":true,"href":"https:\/\/varaderoportbara.com\/fr\/wp-json\/wp\/v2\/users\/1"}],"replies":[{"embeddable":true,"href":"https:\/\/varaderoportbara.com\/fr\/wp-json\/wp\/v2\/comments?post=1119"}],"version-history":[{"count":1,"href":"https:\/\/varaderoportbara.com\/fr\/wp-json\/wp\/v2\/pages\/1119\/revisions"}],"predecessor-version":[{"id":1120,"href":"https:\/\/varaderoportbara.com\/fr\/wp-json\/wp\/v2\/pages\/1119\/revisions\/1120"}],"wp:attachment":[{"href":"https:\/\/varaderoportbara.com\/fr\/wp-json\/wp\/v2\/media?parent=1119"}],"curies":[{"name":"wp","href":"https:\/\/api.w.org\/{rel}","templated":true}]}}