{"id":1139,"date":"2024-03-05T09:29:53","date_gmt":"2024-03-05T08:29:53","guid":{"rendered":"https:\/\/varaderoportbara.com\/offres\/"},"modified":"2026-02-10T14:30:21","modified_gmt":"2026-02-10T13:30:21","slug":"offres","status":"publish","type":"page","link":"https:\/\/varaderoportbara.com\/fr\/offres\/","title":{"rendered":"Offres"},"content":{"rendered":"\n<div class=\"wp-block-cover alignfull\" style=\"padding-top:var(--wp--preset--spacing--60);padding-right:var(--wp--preset--spacing--60);padding-bottom:var(--wp--preset--spacing--60);padding-left:var(--wp--preset--spacing--60)\"><img loading=\"lazy\" decoding=\"async\" width=\"1200\" height=\"800\" class=\"wp-block-cover__image-background wp-image-451\" alt=\"\" src=\"https:\/\/blamark.com\/varadero\/wp-content\/uploads\/2024\/03\/antifouling.webp\" data-object-fit=\"cover\" srcset=\"https:\/\/varaderoportbara.com\/wp-content\/uploads\/2024\/03\/antifouling.webp 1200w, https:\/\/varaderoportbara.com\/wp-content\/uploads\/2024\/03\/antifouling-300x200.webp 300w, https:\/\/varaderoportbara.com\/wp-content\/uploads\/2024\/03\/antifouling-1024x683.webp 1024w, https:\/\/varaderoportbara.com\/wp-content\/uploads\/2024\/03\/antifouling-768x512.webp 768w\" sizes=\"auto, (max-width: 1200px) 100vw, 1200px\" \/><span aria-hidden=\"true\" class=\"wp-block-cover__background has-palette-color-2-background-color has-background-dim-80 has-background-dim\"><\/span><div class=\"wp-block-cover__inner-container is-layout-constrained wp-container-core-cover-is-layout-db32e940 wp-block-cover-is-layout-constrained\">\n<h2 class=\"wp-block-heading has-text-align-center has-palette-color-1-color has-text-color has-link-color has-large-font-size wp-elements-90a668ba9e1be40ebb1485eeb3123698\"><strong>Offre Antifouling 2024  <\/strong><\/h2>\n\n\n\n<hr class=\"wp-block-separator has-alpha-channel-opacity\"\/>\n\n\n\n<p class=\"has-text-align-center has-medium-font-size\">Gardez votre bateau en parfait \u00e9tat avec notre offre d&rsquo;antifouling, en partenariat avec International\u00ae. Les prix commencent \u00e0 529,82 euros pour les bateaux jusqu&rsquo;\u00e0 6 m\u00e8tres et sont ajust\u00e9s en fonction de la longueur, ce qui garantit que votre bateau est prot\u00e9g\u00e9 et optimis\u00e9 pour la performance. Ce service complet comprend<\/p>\n\n\n\n<div class=\"wp-block-group alignwide has-palette-color-1-color has-text-color has-link-color has-medium-font-size wp-elements-c2db18e3f3bd683a379f61733a066284 is-vertical is-content-justification-center is-layout-flex wp-container-core-group-is-layout-81423f52 wp-block-group-is-layout-flex\">\n<p>Mise \u00e0 l&rsquo;eau et mise \u00e0 l&rsquo;eau, ainsi qu&rsquo;un s\u00e9jour de 3 jours en cale s\u00e8che.<\/p>\n\n\n\n<p>Nettoyage de la coque et du syst\u00e8me de propulsion.<\/p>\n\n\n\n<p>Application de deux couches d&rsquo;antifouling international autopolissant.<\/p>\n\n\n\n<p>Main d&rsquo;\u0153uvre pour le remplacement des anodes (anodes non incluses et factur\u00e9es selon le mod\u00e8le).<\/p>\n<\/div>\n\n\n\n<p class=\"has-text-align-center\"><em>Note : Les prix n&rsquo;incluent pas la TVA et pour les catamarans un coefficient de 1,20 sera appliqu\u00e9. Pour des travaux suppl\u00e9mentaires ou des sp\u00e9cifications diff\u00e9rentes, veuillez nous contacter pour un devis d\u00e9taill\u00e9.<\/em><\/p>\n\n\n\n<div class=\"wp-block-uagb-buttons uagb-buttons__outer-wrap uagb-btn__default-btn uagb-btn-tablet__default-btn uagb-btn-mobile__default-btn uagb-block-958d1b04\"><div class=\"uagb-buttons__wrap uagb-buttons-layout-wrap \">\n<div class=\"wp-block-uagb-buttons-child uagb-buttons__outer-wrap uagb-block-fd6e98c6 wp-block-button\"><div class=\"uagb-button__wrapper\"><a class=\"uagb-buttons-repeater wp-block-button__link\" aria-label=\"\" href=\"tel:34645863466\" rel=\"nofollow noopener\" target=\"_self\" role=\"button\"><div class=\"uagb-button__link\">APPELEZ-NOUS<\/div><span class=\"uagb-button__icon uagb-button__icon-position-after\"><svg xmlns=\"https:\/\/www.w3.org\/2000\/svg\" viewbox=\"0 0 448 512\" aria-hidden=\"true\" focussable=\"false\"><path d=\"M384 32H64C28.65 32 0 60.65 0 96v320c0 35.35 28.65 64 64 64h320c35.35 0 64-28.65 64-64V96C448 60.65 419.3 32 384 32zM351.6 321.5l-11.62 50.39c-1.633 7.125-7.9 12.11-15.24 12.11c-126.1 0-228.7-102.6-228.7-228.8c0-7.328 4.984-13.59 12.11-15.22l50.38-11.63c7.344-1.703 14.88 2.109 17.93 9.062l23.27 54.28c2.719 6.391 .8828 13.83-4.492 18.22L168.3 232c16.99 34.61 45.14 62.75 79.77 79.75l22.02-26.91c4.344-5.391 11.85-7.25 18.24-4.484l54.24 23.25C349.5 306.6 353.3 314.2 351.6 321.5z\"><\/path><\/svg><\/span><\/a><\/div><\/div>\n\n\n\n<div class=\"wp-block-uagb-buttons-child uagb-buttons__outer-wrap uagb-block-daddfb22 wp-block-button\"><div class=\"uagb-button__wrapper\"><a class=\"uagb-buttons-repeater wp-block-button__link\" aria-label=\"\" href=\"mailto:info@varaderoportbara.com\" rel=\"follow noopener\" target=\"_self\" role=\"button\"><div class=\"uagb-button__link\">\u00c9CRIVEZ-NOUS<\/div><span class=\"uagb-button__icon uagb-button__icon-position-after\"><svg xmlns=\"https:\/\/www.w3.org\/2000\/svg\" viewbox=\"0 0 512 512\" aria-hidden=\"true\" focussable=\"false\"><path d=\"M464 64C490.5 64 512 85.49 512 112C512 127.1 504.9 141.3 492.8 150.4L275.2 313.6C263.8 322.1 248.2 322.1 236.8 313.6L19.2 150.4C7.113 141.3 0 127.1 0 112C0 85.49 21.49 64 48 64H464zM217.6 339.2C240.4 356.3 271.6 356.3 294.4 339.2L512 176V384C512 419.3 483.3 448 448 448H64C28.65 448 0 419.3 0 384V176L217.6 339.2z\"><\/path><\/svg><\/span><\/a><\/div><\/div>\n<\/div><\/div>\n<\/div><\/div>\n\n<figure class=\"wp-block-table is-style-stripes has-small-font-size\"><table class=\"has-fixed-layout\"><thead><tr><th>Longueur<\/th><th>Casque<\/th><th>1Queueue\/arbre<\/th><th>2 Queues\/Axes<\/th><\/tr><\/thead><tbody><tr><td>Jusqu&rsquo;\u00e0 6 m\u00e8tres<\/td><td>529,82 \u20ac<\/td><td>675,47 \u20ac<\/td><td>821,12 \u20ac<\/td><\/tr><tr><td>Jusqu&rsquo;\u00e0 7 m\u00e8tres<\/td><td>596,58 \u20ac<\/td><td>742,23 \u20ac<\/td><td>887,88 \u20ac<\/td><\/tr><tr><td>Jusqu&rsquo;\u00e0 8 m\u00e8tres<\/td><td>693,53 \u20ac<\/td><td>839,18 \u20ac<\/td><td>984,84 \u20ac<\/td><\/tr><tr><td>Jusqu&rsquo;\u00e0 9 m\u00e8tres<\/td><td>777,60 \u20ac<\/td><td>923,25 \u20ac<\/td><td>1.068,90 \u20ac<\/td><\/tr><tr><td>Jusqu&rsquo;\u00e0 10 m\u00e8tres<\/td><td>858,47 \u20ac<\/td><td>1.004,12 \u20ac<\/td><td>1.149,77 \u20ac<\/td><\/tr><tr><td>Jusqu&rsquo;\u00e0 11 m\u00e8tres<\/td><td>975,82 \u20ac<\/td><td>1.121,47 \u20ac<\/td><td>1.267,12 \u20ac<\/td><\/tr><tr><td>Jusqu&rsquo;\u00e0 12 m\u00e8tres<\/td><td>1.130,42 \u20ac<\/td><td>1.276,08 \u20ac<\/td><td>1.421,73 \u20ac<\/td><\/tr><tr><td>Jusqu&rsquo;\u00e0 13 m\u00e8tres<\/td><td>1.238,53 \u20ac<\/td><td>1.384,18 \u20ac<\/td><td>1.529,84 \u20ac<\/td><\/tr><tr><td>Jusqu&rsquo;\u00e0 14 m\u00e8tres<\/td><td>1.356,97 \u20ac<\/td><td>1.502,62 \u20ac<\/td><td>1.648,27 \u20ac<\/td><\/tr><tr><td>Jusqu&rsquo;\u00e0 15 m\u00e8tres<\/td><td>1.432,21 \u20ac<\/td><td>1.577,86 \u20ac<\/td><td>1.723,51 \u20ac<\/td><\/tr><tr><td>Jusqu&rsquo;\u00e0 16 m\u00e8tres<\/td><td>1.643,01 \u20ac<\/td><td>1.788,66 \u20ac<\/td><td>1.934,32 \u20ac<\/td><\/tr><tr><td>Jusqu&rsquo;\u00e0 17 m\u00e8tres<\/td><td>1.855,71 \u20ac<\/td><td>2.001,36 \u20ac<\/td><td>2.147,01 \u20ac<\/td><\/tr><tr><td>Jusqu&rsquo;\u00e0 18 m\u00e8tres<\/td><td>2.074,51 \u20ac<\/td><td>2.292,99 \u20ac<\/td><td>2.511,47 \u20ac<\/td><\/tr><tr><td>Jusqu&rsquo;\u00e0 19 m\u00e8tres<\/td><td>2.305,99 \u20ac<\/td><td>2.524,47 \u20ac<\/td><td>2.742,95 \u20ac<\/td><\/tr><tr><td>Jusqu&rsquo;\u00e0 20 m\u00e8tres<\/td><td>2.510,42 \u20ac<\/td><td>2.728,90 \u20ac<\/td><td>2.947,38 \u20ac<\/td><\/tr><tr><td>Jusqu&rsquo;\u00e0 21 m\u00e8tres<\/td><td>2.724,34 \u20ac<\/td><td>2.942,82 \u20ac<\/td><td>3.161,29 \u20ac<\/td><\/tr><tr><td>Jusqu&rsquo;\u00e0 22 m\u00e8tres<\/td><td>3.080,36 \u20ac<\/td><td>3.298,84 \u20ac<\/td><td>3.517,32 \u20ac<\/td><\/tr><tr><td>Jusqu&rsquo;\u00e0 23 m\u00e8tres<\/td><td>3.257,82 \u20ac<\/td><td>3.476,29 \u20ac<\/td><td>3.694,77 \u20ac<\/td><\/tr><tr><td>Jusqu&rsquo;\u00e0 24 m\u00e8tres<\/td><td>3.428,77 \u20ac<\/td><td>3.647,25 \u20ac<\/td><td>3.865,73 \u20ac<\/td><\/tr><tr><td>Jusqu&rsquo;\u00e0 25 m\u00e8tres<\/td><td>3.612,49 \u20ac<\/td><td>3.830,97 \u20ac<\/td><td>4.049,45 \u20ac<\/td><\/tr><tr><td>Jusqu&rsquo;\u00e0 26 m\u00e8tres<\/td><td>3.797,08 \u20ac<\/td><td>4.015,55 \u20ac<\/td><td>4.234,03 \u20ac<\/td><\/tr><tr><td>Jusqu&rsquo;\u00e0 27 m\u00e8tres<\/td><td>3.984,49 \u20ac<\/td><td>4.202,97 \u20ac<\/td><td>4.421,45 \u20ac<\/td><\/tr><tr><td>Jusqu&rsquo;\u00e0 28 m\u00e8tres<\/td><td>4.174,73 \u20ac<\/td><td>4.393,21 \u20ac<\/td><td>4.611,68 \u20ac<\/td><\/tr><tr><td>Jusqu&rsquo;\u00e0 29 m\u00e8tres<\/td><td>4.367,90 \u20ac<\/td><td>4.586,38 \u20ac<\/td><td>4.804,86 \u20ac<\/td><\/tr><tr><td>Jusqu&rsquo;\u00e0 30 m\u00e8tres<\/td><td>4.564,18 \u20ac<\/td><td>4.782,66 \u20ac<\/td><td>5.001,14 \u20ac<\/td><\/tr><\/tbody><\/table><\/figure>\n\t\t\t<div \n\t\t\tclass=\"wp-block-uagb-google-map uagb-google-map__wrap uagb-block-eaa77454     mapa\"\n\t\t\tstyle=\"\" >\n\t\t\t\t<embed\n\t\t\t\t\tclass=\"uagb-google-map__iframe\"\n\t\t\t\t\ttitle=\"Carte Google pour \"\n\t\t\t\t\tsrc=\"https:\/\/maps.google.com\/maps?q=varadero%20port%20bar%C3%A0&#038;z=15&#038;hl=es&#038;t=m&#038;output=embed&#038;iwloc=near\"\n\t\t\t\t\twidth=\"640\"\n\t\t\t\t\theight=\"300\"\n\t\t\t\t\tloading=\"lazy\"\n\t\t\t\t><\/embed>\n\t\t\t<\/div>\n\t\t\t\n<div class=\"wp-block-cover alignfull\"><span aria-hidden=\"true\" class=\"wp-block-cover__background has-palette-color-2-background-color has-background-dim-100 has-background-dim\"><\/span><div class=\"wp-block-cover__inner-container is-layout-constrained wp-block-cover-is-layout-constrained\">\n<h2 class=\"wp-block-heading has-text-align-center has-palette-color-1-color has-text-color has-link-color wp-elements-651a82da62292ee3608d4f6de30e5f61\">Contactez Varadero Port Bar\u00e0<\/h2>\n\n\n\n<p class=\"has-text-align-center has-medium-font-size\">Pour des services personnalis\u00e9s et des demandes de renseignements, n&rsquo;h\u00e9sitez pas \u00e0 nous contacter \u00e0 l&rsquo;adresse <a>info@varaderoportbara.com<\/a> ou en nous appelant \u00e0 l&rsquo;adresse <a href=\"tel:977800866\">977800866.<\/a> Nous sommes \u00e9galement disponibles aux num\u00e9ros de t\u00e9l\u00e9phone suivants : Marc : <a href=\"tel:34645863466\">645863466<\/a> et Juanjo : <a href=\"tel:664299494\">664299494<\/a>.<\/p>\n\n\n\n<p class=\"has-text-align-center has-medium-font-size\"><strong>Horaires : <\/strong>du lundi au vendredi de 8h00 \u00e0 17h00 et le samedi de 8h00 \u00e0 12h00.<\/p>\n\n\n\n<div class=\"wp-block-uagb-buttons uagb-buttons__outer-wrap uagb-btn__default-btn uagb-btn-tablet__default-btn uagb-btn-mobile__default-btn uagb-block-2139e607\"><div class=\"uagb-buttons__wrap uagb-buttons-layout-wrap \">\n<div class=\"wp-block-uagb-buttons-child uagb-buttons__outer-wrap uagb-block-266ffa89 wp-block-button\"><div class=\"uagb-button__wrapper\"><a class=\"uagb-buttons-repeater wp-block-button__link\" aria-label=\"\" href=\"tel:34977800866\" rel=\"nofollow noopener\" target=\"_self\" role=\"button\"><div class=\"uagb-button__link\">APPELEZ-NOUS<\/div><span class=\"uagb-button__icon uagb-button__icon-position-after\"><svg xmlns=\"https:\/\/www.w3.org\/2000\/svg\" viewbox=\"0 0 448 512\" aria-hidden=\"true\" focussable=\"false\"><path d=\"M384 32H64C28.65 32 0 60.65 0 96v320c0 35.35 28.65 64 64 64h320c35.35 0 64-28.65 64-64V96C448 60.65 419.3 32 384 32zM351.6 321.5l-11.62 50.39c-1.633 7.125-7.9 12.11-15.24 12.11c-126.1 0-228.7-102.6-228.7-228.8c0-7.328 4.984-13.59 12.11-15.22l50.38-11.63c7.344-1.703 14.88 2.109 17.93 9.062l23.27 54.28c2.719 6.391 .8828 13.83-4.492 18.22L168.3 232c16.99 34.61 45.14 62.75 79.77 79.75l22.02-26.91c4.344-5.391 11.85-7.25 18.24-4.484l54.24 23.25C349.5 306.6 353.3 314.2 351.6 321.5z\"><\/path><\/svg><\/span><\/a><\/div><\/div>\n\n\n\n<div class=\"wp-block-uagb-buttons-child uagb-buttons__outer-wrap uagb-block-3dbf6540 wp-block-button\"><div class=\"uagb-button__wrapper\"><a class=\"uagb-buttons-repeater wp-block-button__link\" aria-label=\"\" href=\"mailto:info@varaderoportbara.com\" rel=\"follow noopener\" target=\"_self\" role=\"button\"><div class=\"uagb-button__link\">\u00c9CRIVEZ-NOUS<\/div><span class=\"uagb-button__icon uagb-button__icon-position-after\"><svg xmlns=\"https:\/\/www.w3.org\/2000\/svg\" viewbox=\"0 0 512 512\" aria-hidden=\"true\" focussable=\"false\"><path d=\"M464 64C490.5 64 512 85.49 512 112C512 127.1 504.9 141.3 492.8 150.4L275.2 313.6C263.8 322.1 248.2 322.1 236.8 313.6L19.2 150.4C7.113 141.3 0 127.1 0 112C0 85.49 21.49 64 48 64H464zM217.6 339.2C240.4 356.3 271.6 356.3 294.4 339.2L512 176V384C512 419.3 483.3 448 448 448H64C28.65 448 0 419.3 0 384V176L217.6 339.2z\"><\/path><\/svg><\/span><\/a><\/div><\/div>\n<\/div><\/div>\n<\/div><\/div>\n","protected":false},"excerpt":{"rendered":"<p>Longueur Casque 1Queueue\/arbre 2 Queues\/Axes Jusqu&rsquo;\u00e0 6 m\u00e8tres 529,82 \u20ac 675,47 \u20ac 821,12 \u20ac Jusqu&rsquo;\u00e0 7 m\u00e8tres 596,58 \u20ac 742,23 \u20ac 887,88 \u20ac Jusqu&rsquo;\u00e0 8 m\u00e8tres 693,53 \u20ac 839,18 \u20ac 984,84 \u20ac Jusqu&rsquo;\u00e0 9 m\u00e8tres 777,60 \u20ac 923,25 \u20ac 1.068,90 \u20ac Jusqu&rsquo;\u00e0 10 m\u00e8tres 858,47 \u20ac 1.004,12 \u20ac 1.149,77 \u20ac Jusqu&rsquo;\u00e0 11 m\u00e8tres 975,82 \u20ac [&hellip;]<\/p>\n","protected":false},"author":1,"featured_media":0,"parent":0,"menu_order":0,"comment_status":"closed","ping_status":"closed","template":"","meta":{"_uag_custom_page_level_css":"","footnotes":""},"class_list":["post-1139","page","type-page","status-publish","hentry"],"blocksy_meta":[],"uagb_featured_image_src":{"full":false,"thumbnail":false,"medium":false,"medium_large":false,"large":false,"1536x1536":false,"2048x2048":false},"uagb_author_info":{"display_name":"rubenfh","author_link":"https:\/\/varaderoportbara.com\/fr\/author\/rubenfh\/"},"uagb_comment_info":0,"uagb_excerpt":"Longueur Casque 1Queueue\/arbre 2 Queues\/Axes Jusqu&rsquo;\u00e0 6 m\u00e8tres 529,82 \u20ac 675,47 \u20ac 821,12 \u20ac Jusqu&rsquo;\u00e0 7 m\u00e8tres 596,58 \u20ac 742,23 \u20ac 887,88 \u20ac Jusqu&rsquo;\u00e0 8 m\u00e8tres 693,53 \u20ac 839,18 \u20ac 984,84 \u20ac Jusqu&rsquo;\u00e0 9 m\u00e8tres 777,60 \u20ac 923,25 \u20ac 1.068,90 \u20ac Jusqu&rsquo;\u00e0 10 m\u00e8tres 858,47 \u20ac 1.004,12 \u20ac 1.149,77 \u20ac Jusqu&rsquo;\u00e0 11 m\u00e8tres 975,82 \u20ac\u2026","_links":{"self":[{"href":"https:\/\/varaderoportbara.com\/fr\/wp-json\/wp\/v2\/pages\/1139","targetHints":{"allow":["GET"]}}],"collection":[{"href":"https:\/\/varaderoportbara.com\/fr\/wp-json\/wp\/v2\/pages"}],"about":[{"href":"https:\/\/varaderoportbara.com\/fr\/wp-json\/wp\/v2\/types\/page"}],"author":[{"embeddable":true,"href":"https:\/\/varaderoportbara.com\/fr\/wp-json\/wp\/v2\/users\/1"}],"replies":[{"embeddable":true,"href":"https:\/\/varaderoportbara.com\/fr\/wp-json\/wp\/v2\/comments?post=1139"}],"version-history":[{"count":2,"href":"https:\/\/varaderoportbara.com\/fr\/wp-json\/wp\/v2\/pages\/1139\/revisions"}],"predecessor-version":[{"id":1963,"href":"https:\/\/varaderoportbara.com\/fr\/wp-json\/wp\/v2\/pages\/1139\/revisions\/1963"}],"wp:attachment":[{"href":"https:\/\/varaderoportbara.com\/fr\/wp-json\/wp\/v2\/media?parent=1139"}],"curies":[{"name":"wp","href":"https:\/\/api.w.org\/{rel}","templated":true}]}}