{"id":1151,"date":"2024-03-05T09:29:43","date_gmt":"2024-03-05T08:29:43","guid":{"rendered":"https:\/\/varaderoportbara.com\/calculateur-dechouage\/"},"modified":"2024-06-09T07:28:25","modified_gmt":"2024-06-09T05:28:25","slug":"calculateur-dechouage","status":"publish","type":"page","link":"https:\/\/varaderoportbara.com\/fr\/calculateur-dechouage\/","title":{"rendered":"Calculateur d&rsquo;\u00e9chouage"},"content":{"rendered":"\n<!DOCTYPE html>\n<html lang=\"fr\">\n<head>\n    <meta charset=\"UTF-8\">\n    <meta name=\"viewport\" content=\"width=device-width, initial-scale=1.0\">\n    <title>Calculatrice de Grue<\/title>\n    <style>\n        .container {\n            max-width: 600px;\n            margin: 0 auto;\n            padding: 20px;\n            border: 1px solid #ccc;\n            border-radius: 10px;\n        }\n        .form-group {\n            margin-bottom: 15px;\n        }\n        label {\n            display: block;\n            margin-bottom: 5px;\n        }\n        input, select {\n            width: 100%;\n            padding: 8px;\n            box-sizing: border-box;\n        }\n        button {\n            display: inline-block;\n            padding: 10px 15px;\n            background-color: #007bff;\n            color: white;\n            border: none;\n            border-radius: 5px;\n            cursor: pointer;\n        }\n        button:hover {\n            background-color: #0056b3;\n        }\n        .result {\n            margin-top: 20px;\n        }\n        table {\n            width: 100%;\n            border-collapse: collapse;\n            margin-top: 20px;\n        }\n        th, td {\n            border: 1px solid #ddd;\n            padding: 8px;\n        }\n        th {\n            background-color: #f2f2f2;\n        }\n    <\/style>\n<\/head>\n<body>\n<div class=\"container\" id=\"gruaContainer\">\n    <h2>Calculatrice (Grue \/ Travelift, s\u00e9jour et services)<\/h2>\n    <div class=\"form-group\">\n        <label for=\"esloraGrua\">Longueur du bateau (en m\u00e8tres):<\/label>\n        <select id=\"esloraGrua\">\n            <option value=\"52.66\">Jusqu&rsquo;\u00e0 6 m<\/option>\n            <option value=\"61.63\">Jusqu&rsquo;\u00e0 7 m<\/option>\n            <option value=\"74.52\">Jusqu&rsquo;\u00e0 8 m<\/option>\n            <option value=\"80.57\">Jusqu&rsquo;\u00e0 9 m<\/option>\n            <option value=\"84.90\">Jusqu&rsquo;\u00e0 10 m<\/option>\n            <option value=\"96.50\">Jusqu&rsquo;\u00e0 11 m<\/option>\n            <option value=\"115.77\">Jusqu&rsquo;\u00e0 12 m<\/option>\n            <option value=\"122.46\">Jusqu&rsquo;\u00e0 13 m<\/option>\n            <option value=\"134.63\">Jusqu&rsquo;\u00e0 14 m<\/option>\n            <option value=\"148.12\">Jusqu&rsquo;\u00e0 15 m<\/option>\n            <option value=\"160.86\">Jusqu&rsquo;\u00e0 16 m<\/option>\n            <option value=\"174.61\">Jusqu&rsquo;\u00e0 17 m<\/option>\n            <option value=\"191.61\">Jusqu&rsquo;\u00e0 18 m<\/option>\n            <option value=\"215.36\">Jusqu&rsquo;\u00e0 19 m<\/option>\n            <option value=\"246.40\">Jusqu&rsquo;\u00e0 20 m<\/option>\n            <option value=\"263.01\">Jusqu&rsquo;\u00e0 21 m<\/option>\n            <option value=\"362.00\">Jusqu&rsquo;\u00e0 22 m<\/option>\n            <option value=\"383.21\">Jusqu&rsquo;\u00e0 23 m<\/option>\n            <option value=\"400.62\">Jusqu&rsquo;\u00e0 24 m<\/option>\n            <option value=\"425.50\">Jusqu&rsquo;\u00e0 25 m<\/option>\n            <option value=\"450.89\">Jusqu&rsquo;\u00e0 26 m<\/option>\n            <option value=\"477.93\">Jusqu&rsquo;\u00e0 27 m<\/option>\n            <option value=\"506.63\">Jusqu&rsquo;\u00e0 28 m<\/option>\n            <option value=\"537.04\">Jusqu&rsquo;\u00e0 29 m<\/option>\n            <option value=\"569.27\">Jusqu&rsquo;\u00e0 30 m<\/option>\n            <option value=\"603.35\">Jusqu&rsquo;\u00e0 31 m<\/option>\n        <\/select>\n    <\/div>\n    <div class=\"form-group\">\n        <label for=\"manga\">Largeur du bateau (en m\u00e8tres):<\/label>\n        <input type=\"number\" id=\"manga\" placeholder=\"Largeur\" required>\n    <\/div>\n    <div class=\"form-group\">\n        <label for=\"dias\">Nombre de jours:<\/label>\n        <input type=\"number\" id=\"dias\" placeholder=\"Nombre de jours\" required>\n    <\/div>\n    <div class=\"form-group\">\n        <label for=\"nombre\">Pr\u00e9nom:<\/label>\n        <input type=\"text\" id=\"nombre\" placeholder=\"Votre pr\u00e9nom\" required>\n    <\/div>\n    <div class=\"form-group\">\n        <label for=\"apellidos\">Nom de famille:<\/label>\n        <input type=\"text\" id=\"apellidos\" placeholder=\"Votre nom de famille\" required>\n    <\/div>\n    <div class=\"form-group\">\n        <label for=\"email\">Email:<\/label>\n        <input type=\"email\" id=\"email\" placeholder=\"Votre email\" required>\n    <\/div>\n    <div class=\"form-group\">\n        <label for=\"telefono\">T\u00e9l\u00e9phone:<\/label>\n        <input type=\"tel\" id=\"telefono\" placeholder=\"Votre t\u00e9l\u00e9phone\" required>\n    <\/div>\n    <button onclick=\"calcularGrua()\">Calculer<\/button>\n    <div class=\"result\" id=\"resultadoGrua\"><\/div>\n<\/div>\n\n<button id=\"btnDescargar\" onclick=\"descargarPresupuesto()\" style=\"display: none;\">T\u00e9l\u00e9charger Devis<\/button>\n\n<script src=\"https:\/\/cdnjs.cloudflare.com\/ajax\/libs\/html2pdf.js\/0.9.2\/html2pdf.bundle.min.js\"><\/script>\n<script>\nfunction calcularGrua() {\n    if (!validarCampos()) {\n        alert('Veuillez compl\u00e9ter tous les champs.');\n        return;\n    }\n\n    let esloraText = document.getElementById('esloraGrua').options[document.getElementById('esloraGrua').selectedIndex].text;\n    let eslora = parseFloat(esloraText.match(\/(\\d+)\/)[0]);\n    let manga = parseFloat(document.getElementById('manga').value);\n    let dias = parseInt(document.getElementById('dias').value);\n    let precioGrua = parseFloat(document.getElementById('esloraGrua').value);\n\n    let metrosCuadrados = eslora * manga;\n    let tarifaVaradero = 0.5; \/\/ Tarifa d'exemple\n    let costoEstanciaVaradero = metrosCuadrados * tarifaVaradero * dias;\n\n    \/\/ Costos per metre lineal\n    let costoLimpiezaObraViva = eslora * 11.83;\n    let costoTacada = eslora * 5.13;\n    let costoGestionResiduos = eslora * 2.37;\n\n    \/\/ Costos diaris\n    let costoElectricidadDiaria = dias * 7.57;\n    let costoAguaDiaria = dias * 6.00;\n    let costoSeguroRCDiario = dias * 6.57;\n\n    let subtotal = precioGrua + costoEstanciaVaradero + costoLimpiezaObraViva + costoTacada + costoGestionResiduos + costoElectricidadDiaria + costoAguaDiaria + costoSeguroRCDiario;\n    let iva = subtotal * 0.21;\n    let total = subtotal + iva;\n\n    document.getElementById('resultadoGrua').innerHTML = `\n        <table>\n            <tr><th>Concept<\/th><th>Prix (\u20ac)<\/th><\/tr>\n            <tr><td>Co\u00fbt de la Grue<\/td><td>${precioGrua.toFixed(2)}<\/td><\/tr>\n            <tr><td>S\u00e9jour au Chantier Naval (M\u00e8tres Carr\u00e9s x Jours)<\/td><td>${costoEstanciaVaradero.toFixed(2)}<\/td><\/tr>\n            <tr><td>Nettoyage de la Coque (par longueur)<\/td><td>${costoLimpiezaObraViva.toFixed(2)}<\/td><\/tr>\n            <tr><td>Tacada (par longueur)<\/td><td>${costoTacada.toFixed(2)}<\/td><\/tr>\n            <tr><td>Gestion des D\u00e9chets (par longueur)<\/td><td>${costoGestionResiduos.toFixed(2)}<\/td><\/tr>\n            <tr><td>\u00c9lectricit\u00e9 Journali\u00e8re<\/td><td>${costoElectricidadDiaria.toFixed(2)}<\/td><\/tr>\n            <tr><td>Eau Journali\u00e8re<\/td><td>${costoAguaDiaria.toFixed(2)}<\/td><\/tr>\n            <tr><td>Assurance RC Journali\u00e8re<\/td><td>${costoSeguroRCDiario.toFixed(2)}<\/td><\/tr>\n            <tr><td>Sous-total<\/td><td>${subtotal.toFixed(2)}<\/td><\/tr>\n            <tr><td>TVA (21%)<\/td><td>${iva.toFixed(2)}<\/td><\/tr>\n            <tr><td>Total<\/td><td>${total.toFixed(2)}<\/td><\/tr>\n        <\/table>\n    `;\n\n    document.getElementById('btnDescargar').style.display = 'block';\n\n    \/\/ Crear el contingut del PDF\n    const content = `\n        <div style=\"padding:50px\"><img decoding=\"async\" src=\"https:\/\/varaderoportbara.com\/wp-content\/uploads\/2024\/03\/LOGO.webp\" alt=\"Logo\" class=\"logo\" style=\"width:200px;height:auto\">\n        <h2>Devis Chantier Naval<\/h2>\n        <p>Raison sociale: Varadero Port Bara Soci\u00e9t\u00e9 Limit\u00e9e.<\/p>\n        <p>CIF: B55608921 - PASEO MARITIM, S\/N, Bureaux Varadero Port Bara. 43883, RODA DE BARA (TARRAGONA). ESPAGNE.<\/p>\n        <hr>\n        <p>Nom: ${document.getElementById('nombre').value} ${document.getElementById('apellidos').value}<\/p>\n        <p>Email: ${document.getElementById('email').value} - T\u00e9l\u00e9phone: ${document.getElementById('telefono').value}<\/p>\n        <p>Longueur: ${eslora} m \/ Largeur: ${manga} m \/ Nombre de jours: ${dias}<\/p>\n        <hr>\n        <h3>D\u00e9tail du devis:<\/h3>\n        ${document.getElementById('resultadoGrua').innerHTML}\n        <\/div>\n    `;\n\n    \/\/ Convertir el contingut HTML a PDF i enviar-lo al servidor\n    html2pdf().from(content).output('blob').then(function (pdfBlob) {\n        const formData = new FormData();\n        formData.append('pdf', pdfBlob, 'devis.pdf');\n        formData.append('nombre', document.getElementById('nombre').value);\n        formData.append('apellidos', document.getElementById('apellidos').value);\n        formData.append('email', document.getElementById('email').value);\n        formData.append('telefono', document.getElementById('telefono').value);\n        formData.append('eslora', eslora);\n        formData.append('manga', manga);\n        formData.append('dias', dias);\n\n        fetch('https:\/\/varaderoportbara.com\/mailling.php', { \/\/ Ajusta l'URL au bon endroit o\u00f9 se trouve votre script PHP\n            method: 'POST',\n            body: formData\n        })\n        .then(response => response.json())\n        .then(data => {\n            if (data.success) {\n                alert('Email envoy\u00e9 avec succ\u00e8s \u00e0 hola@varaderoportbara.com');\n            } else {\n                alert('Erreur lors de l\\'envoi de l\\'email: ' + data.message);\n            }\n        })\n        .catch((error) => {\n            console.error('Erreur:', error);\n            alert('Erreur lors de l\\'envoi de l\\'email');\n        });\n    });\n}\n\nfunction validarCampos() {\n    const nombre = document.getElementById('nombre').value.trim();\n    const apellidos = document.getElementById('apellidos').value.trim();\n    const email = document.getElementById('email').value.trim();\n    const telefono = document.getElementById('telefono').value.trim();\n    const manga = document.getElementById('manga').value.trim();\n    const dias = document.getElementById('dias').value.trim();\n    return nombre && apellidos && email && telefono && manga && dias;\n}\n\nfunction descargarPresupuesto() {\n    const nombre = document.getElementById('nombre').value;\n    const apellidos = document.getElementById('apellidos').value;\n    const email = document.getElementById('email').value;\n    const telefono = document.getElementById('telefono').value;\n    const resultadoGrua = document.getElementById('resultadoGrua').innerHTML;\n\n    \/\/ Crear el contingut del PDF\n    const content = `\n        <div style=\"padding:50px\"><img decoding=\"async\" src=\"https:\/\/varaderoportbara.com\/wp-content\/uploads\/2024\/03\/LOGO.webp\" alt=\"Logo\" class=\"logo\" style=\"width:200px;height:auto\">\n        <h2>Devis Chantier Naval<\/h2>\n        <p>Raison sociale: Varadero Port Bara Soci\u00e9t\u00e9 Limit\u00e9e.<\/p>\n        <p>CIF: B55608921 - PASEO MARITIM, S\/N, Bureaux Varadero Port Bara. 43883, RODA DE BARA (TARRAGONA). ESPAGNE.<\/p>\n        <hr>\n        <p>Nom: ${nombre} ${apellidos}<\/p>\n        <p>Email: ${email}<\/p>\n        <p>T\u00e9l\u00e9phone: ${telefono}<\/p>\n        <hr>\n        <h3>D\u00e9tail du devis:<\/h3>\n        ${resultadoGrua}<\/div>\n    `;\n\n    \/\/ Convertir el contingut HTML a PDF i descarregar-lo\n    html2pdf().from(content).save();\n}\n<\/script>\n<\/body>\n<\/html>\n\n\n\n\n<div class=\"calculator-container\">\n  <h2>Calculateur de Co\u00fbts Antifouling 2024<\/h2>\n  <div>\n    <label for=\"eslora\">Longueur du bateau en m\u00e8tres (6-30):<\/label>\n    <input type=\"number\" id=\"eslora\" name=\"eslora\" min=\"6\" max=\"30\" required>\n  <\/div>\n  <div>\n    <label for=\"servicio\">S\u00e9lectionnez le type de service:<\/label>\n    <select id=\"servicio\" name=\"servicio\">\n      <option value=\"casco\">Coque<\/option>\n      <option value=\"1cola\/eje\">1 H\u00c9LICE\/ARBRE<\/option>\n      <option value=\"2colas\/ejes\">2 H\u00c9LICES\/ARBRES<\/option>\n    <\/select>\n  <\/div>\n  <button onclick=\"calcularCosto()\">Calculer<\/button>\n  <div class=\"result\" id=\"resultado\"><\/div>\n<br>\n    <h4>Inclut:<\/h4>\n    <ul>\n        <li>Levage et mise \u00e0 l&rsquo;eau, placement et s\u00e9jour de 3 jours au chantier naval.<\/li>\n        <li>Nettoyage de la car\u00e8ne et du syst\u00e8me de propulsion<\/li>\n        <li>Application de 2 couches d&rsquo;antifouling INTERNATIONAL auto-polissant<\/li>\n        <li>Travail de remplacement des anodes<\/li>\n    <\/ul>\n    <p>N&rsquo;inclut pas le nettoyage des structures de la plateforme arri\u00e8re (+1.50\u20ac+TVA)<\/p>\n    <p>Pour les catamarans, le prix sera multipli\u00e9 par le coefficient 1.20<\/p>\n    <p>Les anodes seront factur\u00e9es s\u00e9par\u00e9ment selon le mod\u00e8le<\/p>\n    <p>Les prix n&rsquo;incluent pas la TVA.<\/p>\n\n<\/div>\n\n<script>\n\/\/ Fonction pour calculer le co\u00fbt en fonction de la longueur et du type de service s\u00e9lectionn\u00e9\nfunction calcularCosto() {\n  var eslora = document.getElementById('eslora').value;\n  var servicio = document.getElementById('servicio').value;\n  var precio = 0;\n\n  \/\/ Tableaux de prix pour chaque type de service par m\u00e8tre de longueur\n  \/\/ Remarque : les prix sont index\u00e9s de 0 \u00e0 24, correspondant aux longueurs de 6m \u00e0 30m\n  var precios_casco = [529.82, 596.58, 693.53, 777.60, 858.47, 975.82, 1130.42, 1238.53, 1356.97, 1432.21, 1643.01, 1855.71, 2074.51, 2305.99, 2510.42, 2724.34, 3080.36, 3257.82, 3428.77, 3612.49, 3797.08, 3984.49, 4174.73, 4367.90, 4564.18];\n  var precios_1cola_eje = [675.47, 742.23, 839.18, 923.25, 1004.12, 1121.47, 1276.08, 1384.18, 1502.62, 1577.86, 1788.66, 2001.36, 2292.99, 2524.47, 2728.90, 2942.82, 3298.84, 3476.29, 3647.25, 3830.97, 4015.55, 4202.97, 4393.21, 4586.38, 4782.66];\n  var precios_2colas_ejes = [821.12, 887.88, 984.84, 1068.90, 1149.77, 1267.12, 1421.73, 1529.84, 1648.27, 1723.51, 1934.32, 2147.01, 2511.47, 2742.95, 2947.38, 3161.29, 3517.32, 3694.77, 3865.73, 4049.45, 4234.03, 4421.45, 4611.68, 4804.86, 5001.14];\n\n  \/\/ V\u00e9rifier que la longueur soit dans la plage autoris\u00e9e\n  if(eslora >= 6 && eslora <= 30) {\n    \/\/ Calculer l'indice dans le tableau bas\u00e9 sur la longueur\n    var indice = eslora - 6; \/\/ Pour une longueur de 6m, indice 0 ; pour 7m, indice 1, etc.\n\n    \/\/ S\u00e9lectionner le tableau de prix correct en fonction du service choisi\n    var precios_servicio = servicio === \"casco\" ? precios_casco :\n                           servicio === \"1cola\/eje\" ? precios_1cola_eje :\n                           precios_2colas_ejes;\n\n    \/\/ Obtenir le prix du service bas\u00e9 sur l'indice\n    precio = precios_servicio[indice];\n\n    \/\/ Afficher le r\u00e9sultat\n    document.getElementById('resultado').innerText = 'Le co\u00fbt est : ' + precio.toFixed(2) + ' \u20ac';\n  } else {\n    \/\/ Afficher une erreur si la longueur est hors plage\n    document.getElementById('resultado').innerText = 'Veuillez entrer une longueur entre 6 et 30 m\u00e8tres.';\n  }\n}\n<\/script>\n\n\n\n\n<div class=\"wp-block-cover alignfull\"><span aria-hidden=\"true\" class=\"wp-block-cover__background has-palette-color-2-background-color has-background-dim-100 has-background-dim\"><\/span><div class=\"wp-block-cover__inner-container is-layout-constrained wp-block-cover-is-layout-constrained\">\n<h2 class=\"wp-block-heading has-text-align-center has-palette-color-1-color has-text-color has-link-color wp-elements-69c34bce75386bba0f178fe092c7bc00\">Contactez Varadero Port Bar\u00e0<\/h2>\n\n\n\n<p class=\"has-text-align-center has-medium-font-size\">Pour des services personnalis\u00e9s et des demandes de renseignements, n'h\u00e9sitez pas \u00e0 nous contacter \u00e0 l'adresse <a>info@varaderoportbara.com<\/a> ou en nous appelant \u00e0 l'adresse <a href=\"tel:97780866\">97780866.<\/a> Nous sommes \u00e9galement disponibles aux num\u00e9ros de t\u00e9l\u00e9phone suivants : Marc : <a href=\"tel:34645863466\">645863466<\/a> et Juanjo : <a href=\"tel:664299494\">664299494<\/a>.<\/p>\n\n\n\n<p class=\"has-text-align-center has-medium-font-size\"><strong>Horaires : <\/strong>du lundi au vendredi de 8h00 \u00e0 17h00 et le samedi de 8h00 \u00e0 12h00.<\/p>\n\n\n\n<div class=\"wp-block-uagb-buttons uagb-buttons__outer-wrap uagb-btn__default-btn uagb-btn-tablet__default-btn uagb-btn-mobile__default-btn uagb-block-2139e607\"><div class=\"uagb-buttons__wrap uagb-buttons-layout-wrap \">\n<div class=\"wp-block-uagb-buttons-child uagb-buttons__outer-wrap uagb-block-266ffa89 wp-block-button\"><div class=\"uagb-button__wrapper\"><a class=\"uagb-buttons-repeater wp-block-button__link\" aria-label=\"\" href=\"tel:34977800866\" rel=\"nofollow noopener\" target=\"_self\" role=\"button\"><div class=\"uagb-button__link\">APPELEZ-NOUS<\/div><span class=\"uagb-button__icon uagb-button__icon-position-after\"><svg xmlns=\"https:\/\/www.w3.org\/2000\/svg\" viewbox=\"0 0 448 512\" aria-hidden=\"true\" focussable=\"false\"><path d=\"M384 32H64C28.65 32 0 60.65 0 96v320c0 35.35 28.65 64 64 64h320c35.35 0 64-28.65 64-64V96C448 60.65 419.3 32 384 32zM351.6 321.5l-11.62 50.39c-1.633 7.125-7.9 12.11-15.24 12.11c-126.1 0-228.7-102.6-228.7-228.8c0-7.328 4.984-13.59 12.11-15.22l50.38-11.63c7.344-1.703 14.88 2.109 17.93 9.062l23.27 54.28c2.719 6.391 .8828 13.83-4.492 18.22L168.3 232c16.99 34.61 45.14 62.75 79.77 79.75l22.02-26.91c4.344-5.391 11.85-7.25 18.24-4.484l54.24 23.25C349.5 306.6 353.3 314.2 351.6 321.5z\"><\/path><\/svg><\/span><\/a><\/div><\/div>\n\n\n\n<div class=\"wp-block-uagb-buttons-child uagb-buttons__outer-wrap uagb-block-3dbf6540 wp-block-button\"><div class=\"uagb-button__wrapper\"><a class=\"uagb-buttons-repeater wp-block-button__link\" aria-label=\"\" href=\"mailto:info@varaderoportbara.com\" rel=\"follow noopener\" target=\"_self\" role=\"button\"><div class=\"uagb-button__link\">\u00c9CRIVEZ-NOUS<\/div><span class=\"uagb-button__icon uagb-button__icon-position-after\"><svg xmlns=\"https:\/\/www.w3.org\/2000\/svg\" viewbox=\"0 0 512 512\" aria-hidden=\"true\" focussable=\"false\"><path d=\"M464 64C490.5 64 512 85.49 512 112C512 127.1 504.9 141.3 492.8 150.4L275.2 313.6C263.8 322.1 248.2 322.1 236.8 313.6L19.2 150.4C7.113 141.3 0 127.1 0 112C0 85.49 21.49 64 48 64H464zM217.6 339.2C240.4 356.3 271.6 356.3 294.4 339.2L512 176V384C512 419.3 483.3 448 448 448H64C28.65 448 0 419.3 0 384V176L217.6 339.2z\"><\/path><\/svg><\/span><\/a><\/div><\/div>\n<\/div><\/div>\n<\/div><\/div>\n\n\n\t\t\t<div \n\t\t\tclass=\"wp-block-uagb-google-map uagb-google-map__wrap uagb-block-eaa77454     mapa\"\n\t\t\tstyle=\"\" >\n\t\t\t\t<embed\n\t\t\t\t\tclass=\"uagb-google-map__iframe\"\n\t\t\t\t\ttitle=\"Carte Google pour \"\n\t\t\t\t\tsrc=\"https:\/\/maps.google.com\/maps?q=varadero%20port%20bar%C3%A0&#038;z=15&#038;hl=es&#038;t=m&#038;output=embed&#038;iwloc=near\"\n\t\t\t\t\twidth=\"640\"\n\t\t\t\t\theight=\"300\"\n\t\t\t\t\tloading=\"lazy\"\n\t\t\t\t><\/embed>\n\t\t\t<\/div>\n\t\t\t","protected":false},"excerpt":{"rendered":"<p>Calculatrice de Grue Calculatrice (Grue \/ Travelift, s\u00e9jour et services) Longueur du bateau (en m\u00e8tres): Jusqu&rsquo;\u00e0 6 mJusqu&rsquo;\u00e0 7 mJusqu&rsquo;\u00e0 8 mJusqu&rsquo;\u00e0 9 mJusqu&rsquo;\u00e0 10 mJusqu&rsquo;\u00e0 11 mJusqu&rsquo;\u00e0 12 mJusqu&rsquo;\u00e0 13 mJusqu&rsquo;\u00e0 14 mJusqu&rsquo;\u00e0 15 mJusqu&rsquo;\u00e0 16 mJusqu&rsquo;\u00e0 17 mJusqu&rsquo;\u00e0 18 mJusqu&rsquo;\u00e0 19 mJusqu&rsquo;\u00e0 20 mJusqu&rsquo;\u00e0 21 mJusqu&rsquo;\u00e0 22 mJusqu&rsquo;\u00e0 23 mJusqu&rsquo;\u00e0 24 mJusqu&rsquo;\u00e0 25 [&hellip;]<\/p>\n","protected":false},"author":1,"featured_media":0,"parent":0,"menu_order":0,"comment_status":"closed","ping_status":"closed","template":"","meta":{"_uag_custom_page_level_css":"","footnotes":""},"class_list":["post-1151","page","type-page","status-publish","hentry"],"blocksy_meta":[],"uagb_featured_image_src":{"full":false,"thumbnail":false,"medium":false,"medium_large":false,"large":false,"1536x1536":false,"2048x2048":false},"uagb_author_info":{"display_name":"rubenfh","author_link":"https:\/\/varaderoportbara.com\/fr\/author\/rubenfh\/"},"uagb_comment_info":0,"uagb_excerpt":"Calculatrice de Grue Calculatrice (Grue \/ Travelift, s\u00e9jour et services) Longueur du bateau (en m\u00e8tres): Jusqu&rsquo;\u00e0 6 mJusqu&rsquo;\u00e0 7 mJusqu&rsquo;\u00e0 8 mJusqu&rsquo;\u00e0 9 mJusqu&rsquo;\u00e0 10 mJusqu&rsquo;\u00e0 11 mJusqu&rsquo;\u00e0 12 mJusqu&rsquo;\u00e0 13 mJusqu&rsquo;\u00e0 14 mJusqu&rsquo;\u00e0 15 mJusqu&rsquo;\u00e0 16 mJusqu&rsquo;\u00e0 17 mJusqu&rsquo;\u00e0 18 mJusqu&rsquo;\u00e0 19 mJusqu&rsquo;\u00e0 20 mJusqu&rsquo;\u00e0 21 mJusqu&rsquo;\u00e0 22 mJusqu&rsquo;\u00e0 23 mJusqu&rsquo;\u00e0 24 mJusqu&rsquo;\u00e0 25\u2026","_links":{"self":[{"href":"https:\/\/varaderoportbara.com\/fr\/wp-json\/wp\/v2\/pages\/1151","targetHints":{"allow":["GET"]}}],"collection":[{"href":"https:\/\/varaderoportbara.com\/fr\/wp-json\/wp\/v2\/pages"}],"about":[{"href":"https:\/\/varaderoportbara.com\/fr\/wp-json\/wp\/v2\/types\/page"}],"author":[{"embeddable":true,"href":"https:\/\/varaderoportbara.com\/fr\/wp-json\/wp\/v2\/users\/1"}],"replies":[{"embeddable":true,"href":"https:\/\/varaderoportbara.com\/fr\/wp-json\/wp\/v2\/comments?post=1151"}],"version-history":[{"count":43,"href":"https:\/\/varaderoportbara.com\/fr\/wp-json\/wp\/v2\/pages\/1151\/revisions"}],"predecessor-version":[{"id":1405,"href":"https:\/\/varaderoportbara.com\/fr\/wp-json\/wp\/v2\/pages\/1151\/revisions\/1405"}],"wp:attachment":[{"href":"https:\/\/varaderoportbara.com\/fr\/wp-json\/wp\/v2\/media?parent=1151"}],"curies":[{"name":"wp","href":"https:\/\/api.w.org\/{rel}","templated":true}]}}